{"id":440,"date":"2024-07-15T07:01:04","date_gmt":"2024-07-15T07:01:04","guid":{"rendered":"https:\/\/cartonsultana.com\/?page_id=440"},"modified":"2024-10-10T18:34:49","modified_gmt":"2024-10-10T18:34:49","slug":"gestion-de-cadena-de-suministro-para-empaque-en-mexico","status":"publish","type":"page","link":"https:\/\/cartonsultana.com\/en\/gestion-de-cadena-de-suministro-para-empaque-en-mexico\/","title":{"rendered":"Supply Chain Management"},"content":{"rendered":"<div data-elementor-type=\"wp-page\" data-elementor-id=\"440\" class=\"elementor elementor-440\" data-elementor-post-type=\"page\">\n\t\t\t\t<div class=\"elementor-element elementor-element-7d3088f e-con-full e-flex elementor-invisible e-con e-parent\" data-id=\"7d3088f\" data-element_type=\"container\" data-settings=\"{&quot;animation&quot;:&quot;bounceInUp&quot;}\">\n\t\t<div class=\"elementor-element elementor-element-407346e e-con-full e-flex e-con e-child\" data-id=\"407346e\" data-element_type=\"container\">\n\t\t\t\t<div class=\"elementor-element elementor-element-b598af1 elementor-widget elementor-widget-image\" data-id=\"b598af1\" data-element_type=\"widget\" data-widget_type=\"image.default\">\n\t\t\t\t<div class=\"elementor-widget-container\">\n\t\t\t\t\t\t\t\t\t\t\t\t\t<img fetchpriority=\"high\" decoding=\"async\" width=\"572\" height=\"344\" src=\"https:\/\/cartonsultana.com\/wp-content\/uploads\/2024\/07\/Industria-logistica.jpg\" class=\"attachment-full size-full wp-image-709\" alt=\"\" srcset=\"https:\/\/cartonsultana.com\/wp-content\/uploads\/2024\/07\/Industria-logistica.jpg 572w, https:\/\/cartonsultana.com\/wp-content\/uploads\/2024\/07\/Industria-logistica-300x180.jpg 300w\" sizes=\"(max-width: 572px) 100vw, 572px\" \/>\t\t\t\t\t\t\t\t\t\t\t\t\t<\/div>\n\t\t\t\t<\/div>\n\t\t\t\t<\/div>\n\t\t<div class=\"elementor-element elementor-element-c2b4e86 e-con-full e-flex e-con e-child\" data-id=\"c2b4e86\" data-element_type=\"container\" data-settings=\"{&quot;background_background&quot;:&quot;classic&quot;}\">\n\t\t\t\t<div class=\"elementor-element elementor-element-d1b1534 elementor-position-top elementor-widget elementor-widget-image-box\" data-id=\"d1b1534\" data-element_type=\"widget\" data-widget_type=\"image-box.default\">\n\t\t\t\t<div class=\"elementor-widget-container\">\n\t\t\t<div class=\"elementor-image-box-wrapper\"><figure class=\"elementor-image-box-img\"><img decoding=\"async\" width=\"297\" height=\"343\" src=\"https:\/\/cartonsultana.com\/wp-content\/uploads\/2024\/06\/c-suministro.png\" class=\"attachment-full size-full wp-image-128\" alt=\"\" srcset=\"https:\/\/cartonsultana.com\/wp-content\/uploads\/2024\/06\/c-suministro.png 297w, https:\/\/cartonsultana.com\/wp-content\/uploads\/2024\/06\/c-suministro-260x300.png 260w\" sizes=\"(max-width: 297px) 100vw, 297px\" \/><\/figure><div class=\"elementor-image-box-content\"><h2 class=\"elementor-image-box-title\">Supply Chain <br>Management<\/h2><\/div><\/div>\t\t<\/div>\n\t\t\t\t<\/div>\n\t\t\t\t<\/div>\n\t\t\t\t<\/div>\n\t\t\t\t<section class=\"elementor-section elementor-top-section elementor-element elementor-element-13be5ca elementor-section-boxed elementor-section-height-default elementor-section-height-default\" data-id=\"13be5ca\" data-element_type=\"section\">\n\t\t\t\t\t\t<div class=\"elementor-container elementor-column-gap-default\">\n\t\t\t\t\t<div class=\"elementor-column elementor-col-100 elementor-top-column elementor-element elementor-element-cdf7032\" data-id=\"cdf7032\" data-element_type=\"column\">\n\t\t\t<div class=\"elementor-widget-wrap elementor-element-populated\">\n\t\t\t\t\t\t<div class=\"elementor-element elementor-element-02e9469 elementor-widget elementor-widget-heading\" data-id=\"02e9469\" data-element_type=\"widget\" data-widget_type=\"heading.default\">\n\t\t\t\t<div class=\"elementor-widget-container\">\n\t\t\t<h1 class=\"elementor-heading-title elementor-size-default\">Supply chain for packaging in Mexico<\/h1>\t\t<\/div>\n\t\t\t\t<\/div>\n\t\t\t\t<section class=\"elementor-section elementor-inner-section elementor-element elementor-element-e5446e7 elementor-section-boxed elementor-section-height-default elementor-section-height-default\" data-id=\"e5446e7\" data-element_type=\"section\">\n\t\t\t\t\t\t<div class=\"elementor-container elementor-column-gap-default\">\n\t\t\t\t\t<div class=\"elementor-column elementor-col-33 elementor-inner-column elementor-element elementor-element-0d16144 elementor-invisible\" data-id=\"0d16144\" data-element_type=\"column\" data-settings=\"{&quot;animation&quot;:&quot;bounceInLeft&quot;}\">\n\t\t\t<div class=\"elementor-widget-wrap elementor-element-populated\">\n\t\t\t\t\t\t<div class=\"elementor-element elementor-element-8fa7bac elementor-widget elementor-widget-heading\" data-id=\"8fa7bac\" data-element_type=\"widget\" data-widget_type=\"heading.default\">\n\t\t\t\t<div class=\"elementor-widget-container\">\n\t\t\t<h2 class=\"elementor-heading-title elementor-size-default\">Custom Packaging Solutions that Meet the Complete Requirements of Your Supply Chain<\/h2>\t\t<\/div>\n\t\t\t\t<\/div>\n\t\t\t\t\t<\/div>\n\t\t<\/div>\n\t\t\t\t<div class=\"elementor-column elementor-col-33 elementor-inner-column elementor-element elementor-element-f3a97ee elementor-hidden-tablet elementor-hidden-mobile elementor-invisible\" data-id=\"f3a97ee\" data-element_type=\"column\" data-settings=\"{&quot;animation&quot;:&quot;bounceInUp&quot;}\">\n\t\t\t<div class=\"elementor-widget-wrap elementor-element-populated\">\n\t\t\t\t\t\t<div class=\"elementor-element elementor-element-b213359 elementor-widget__width-initial elementor-widget elementor-widget-spacer\" data-id=\"b213359\" data-element_type=\"widget\" data-widget_type=\"spacer.default\">\n\t\t\t\t<div class=\"elementor-widget-container\">\n\t\t\t\t\t<div class=\"elementor-spacer\">\n\t\t\t<div class=\"elementor-spacer-inner\"><\/div>\n\t\t<\/div>\n\t\t\t\t<\/div>\n\t\t\t\t<\/div>\n\t\t\t\t\t<\/div>\n\t\t<\/div>\n\t\t\t\t<div class=\"elementor-column elementor-col-33 elementor-inner-column elementor-element elementor-element-632ef04 elementor-invisible\" data-id=\"632ef04\" data-element_type=\"column\" data-settings=\"{&quot;animation&quot;:&quot;bounceInRight&quot;}\">\n\t\t\t<div class=\"elementor-widget-wrap elementor-element-populated\">\n\t\t\t\t\t\t<div class=\"elementor-element elementor-element-bb6db0d elementor-widget elementor-widget-text-editor\" data-id=\"bb6db0d\" data-element_type=\"widget\" data-widget_type=\"text-editor.default\">\n\t\t\t\t<div class=\"elementor-widget-container\">\n\t\t\t\t\t\t\t<p>Sultana has a comprehensive system for total customer satisfaction, supported by a multidisciplinary team of experts who integrate and analyze all service areas involved in each project to provide the best strategy for operations design, process optimization, productivity improvements, and cost reduction throughout the entire supply chain.<\/p>\t\t\t\t\t\t<\/div>\n\t\t\t\t<\/div>\n\t\t\t\t\t<\/div>\n\t\t<\/div>\n\t\t\t\t\t<\/div>\n\t\t<\/section>\n\t\t\t\t\t<\/div>\n\t\t<\/div>\n\t\t\t\t\t<\/div>\n\t\t<\/section>\n\t\t<div class=\"elementor-element elementor-element-6064c4e e-con-full e-flex elementor-invisible e-con e-parent\" data-id=\"6064c4e\" data-element_type=\"container\" data-settings=\"{&quot;animation&quot;:&quot;bounceInRight&quot;}\">\n\t\t<div class=\"elementor-element elementor-element-7e89b12 e-con-full e-flex e-con e-child\" data-id=\"7e89b12\" data-element_type=\"container\" data-settings=\"{&quot;background_background&quot;:&quot;classic&quot;}\">\n\t\t<div class=\"elementor-element elementor-element-786e7d3 e-con-full elementor-hidden-tablet elementor-hidden-mobile e-flex e-con e-child\" data-id=\"786e7d3\" data-element_type=\"container\">\n\t\t\t\t<\/div>\n\t\t<div class=\"elementor-element elementor-element-2753e60 e-con-full e-flex e-con e-child\" data-id=\"2753e60\" data-element_type=\"container\">\n\t\t\t\t<div class=\"elementor-element elementor-element-2d9fe36 elementor-widget elementor-widget-image\" data-id=\"2d9fe36\" data-element_type=\"widget\" data-widget_type=\"image.default\">\n\t\t\t\t<div class=\"elementor-widget-container\">\n\t\t\t\t\t\t\t\t\t\t\t\t\t<img decoding=\"async\" width=\"1237\" height=\"692\" src=\"https:\/\/cartonsultana.com\/wp-content\/uploads\/2024\/07\/diseno-op-ingles.png\" class=\"attachment-full size-full wp-image-843\" alt=\"Cadena de suministro para empaque en M\u00e9xico\" srcset=\"https:\/\/cartonsultana.com\/wp-content\/uploads\/2024\/07\/diseno-op-ingles.png 1237w, https:\/\/cartonsultana.com\/wp-content\/uploads\/2024\/07\/diseno-op-ingles-300x168.png 300w, https:\/\/cartonsultana.com\/wp-content\/uploads\/2024\/07\/diseno-op-ingles-1024x573.png 1024w, https:\/\/cartonsultana.com\/wp-content\/uploads\/2024\/07\/diseno-op-ingles-768x430.png 768w, https:\/\/cartonsultana.com\/wp-content\/uploads\/2024\/07\/diseno-op-ingles-18x10.png 18w, https:\/\/cartonsultana.com\/wp-content\/uploads\/2024\/07\/diseno-op-ingles-200x112.png 200w\" sizes=\"(max-width: 1237px) 100vw, 1237px\" \/>\t\t\t\t\t\t\t\t\t\t\t\t\t<\/div>\n\t\t\t\t<\/div>\n\t\t\t\t<\/div>\n\t\t\t\t<\/div>\n\t\t\t\t<\/div>\n\t\t<div class=\"elementor-element elementor-element-36226b2 e-con-full e-flex elementor-invisible e-con e-parent\" data-id=\"36226b2\" data-element_type=\"container\" data-settings=\"{&quot;animation&quot;:&quot;bounceInLeft&quot;}\">\n\t\t<div class=\"elementor-element elementor-element-4860c5d e-con-full e-flex e-con e-child\" data-id=\"4860c5d\" data-element_type=\"container\" data-settings=\"{&quot;background_background&quot;:&quot;classic&quot;}\">\n\t\t<div class=\"elementor-element elementor-element-b800078 e-con-full e-flex e-con e-child\" data-id=\"b800078\" data-element_type=\"container\">\n\t\t\t\t<div class=\"elementor-element elementor-element-bba794e elementor-widget elementor-widget-image\" data-id=\"bba794e\" data-element_type=\"widget\" data-widget_type=\"image.default\">\n\t\t\t\t<div class=\"elementor-widget-container\">\n\t\t\t\t\t\t\t\t\t\t\t\t\t<img loading=\"lazy\" decoding=\"async\" width=\"1287\" height=\"879\" src=\"https:\/\/cartonsultana.com\/wp-content\/uploads\/2024\/07\/crm-ingles.png\" class=\"attachment-full size-full wp-image-854\" alt=\"Cadena de suministro para empaque en Monterrey\" srcset=\"https:\/\/cartonsultana.com\/wp-content\/uploads\/2024\/07\/crm-ingles.png 1287w, https:\/\/cartonsultana.com\/wp-content\/uploads\/2024\/07\/crm-ingles-300x205.png 300w, https:\/\/cartonsultana.com\/wp-content\/uploads\/2024\/07\/crm-ingles-1024x699.png 1024w, https:\/\/cartonsultana.com\/wp-content\/uploads\/2024\/07\/crm-ingles-768x525.png 768w, https:\/\/cartonsultana.com\/wp-content\/uploads\/2024\/07\/crm-ingles-18x12.png 18w, https:\/\/cartonsultana.com\/wp-content\/uploads\/2024\/07\/crm-ingles-200x137.png 200w\" sizes=\"(max-width: 1287px) 100vw, 1287px\" \/>\t\t\t\t\t\t\t\t\t\t\t\t\t<\/div>\n\t\t\t\t<\/div>\n\t\t\t\t<\/div>\n\t\t<div class=\"elementor-element elementor-element-7536cf0 e-con-full elementor-hidden-tablet elementor-hidden-mobile e-flex e-con e-child\" data-id=\"7536cf0\" data-element_type=\"container\">\n\t\t\t\t<\/div>\n\t\t\t\t<\/div>\n\t\t\t\t<\/div>\n\t\t<div class=\"elementor-element elementor-element-f822e6b e-con-full e-flex elementor-invisible e-con e-parent\" data-id=\"f822e6b\" data-element_type=\"container\" data-settings=\"{&quot;animation&quot;:&quot;bounceInRight&quot;}\">\n\t\t<div class=\"elementor-element elementor-element-332cdbd e-con-full e-flex e-con e-child\" data-id=\"332cdbd\" data-element_type=\"container\" data-settings=\"{&quot;background_background&quot;:&quot;classic&quot;}\">\n\t\t<div class=\"elementor-element elementor-element-2a7fa5c e-con-full elementor-hidden-tablet elementor-hidden-mobile e-flex e-con e-child\" data-id=\"2a7fa5c\" data-element_type=\"container\">\n\t\t\t\t<\/div>\n\t\t<div class=\"elementor-element elementor-element-d72b1b9 e-con-full e-flex e-con e-child\" data-id=\"d72b1b9\" data-element_type=\"container\">\n\t\t\t\t<div class=\"elementor-element elementor-element-139dc7d elementor-widget elementor-widget-image\" data-id=\"139dc7d\" data-element_type=\"widget\" data-widget_type=\"image.default\">\n\t\t\t\t<div class=\"elementor-widget-container\">\n\t\t\t\t\t\t\t\t\t\t\t\t\t<img loading=\"lazy\" decoding=\"async\" width=\"1269\" height=\"693\" src=\"https:\/\/cartonsultana.com\/wp-content\/uploads\/2024\/07\/red-costos-ingles.png\" class=\"attachment-full size-full wp-image-858\" alt=\"Cadena de suministro para empaque\" srcset=\"https:\/\/cartonsultana.com\/wp-content\/uploads\/2024\/07\/red-costos-ingles.png 1257w, https:\/\/cartonsultana.com\/wp-content\/uploads\/2024\/07\/red-costos-ingles-300x165.png 300w, https:\/\/cartonsultana.com\/wp-content\/uploads\/2024\/07\/red-costos-ingles-1024x565.png 1024w, https:\/\/cartonsultana.com\/wp-content\/uploads\/2024\/07\/red-costos-ingles-768x423.png 768w, https:\/\/cartonsultana.com\/wp-content\/uploads\/2024\/07\/red-costos-ingles-18x10.png 18w, https:\/\/cartonsultana.com\/wp-content\/uploads\/2024\/07\/red-costos-ingles-200x110.png 200w\" sizes=\"(max-width: 1269px) 100vw, 1269px\" \/>\t\t\t\t\t\t\t\t\t\t\t\t\t<\/div>\n\t\t\t\t<\/div>\n\t\t\t\t<div class=\"elementor-element elementor-element-01126d0 elementor-widget elementor-widget-heading\" data-id=\"01126d0\" data-element_type=\"widget\" data-widget_type=\"heading.default\">\n\t\t\t\t<div class=\"elementor-widget-container\">\n\t\t\t<h1 class=\"elementor-heading-title elementor-size-default\">Packaging Solutions in Mexico<\/h1>\t\t<\/div>\n\t\t\t\t<\/div>\n\t\t\t\t<\/div>\n\t\t\t\t<\/div>\n\t\t\t\t<\/div>\n\t\t\t\t<\/div>","protected":false},"excerpt":{"rendered":"<p>Administraci\u00f3n de la cadena de suministro Cadena de suministro para empaque en M\u00e9xico SOLUCIONES DE EMPAQUE A LA MEDIDA QUE CUMPLEN CON LOS REQUISITOS TOTALES DE SU CADENA DE SUMINISTRO Sultana cuenta con un sistema integral para la satisfacci\u00f3n total del cliente respaldado por un grupo de expertos multidisciplinarios, que integran y analizan todas las [&hellip;]<\/p>","protected":false},"author":1,"featured_media":0,"parent":0,"menu_order":0,"comment_status":"closed","ping_status":"closed","template":"elementor_header_footer","meta":{"_acf_changed":false,"footnotes":""},"class_list":["post-440","page","type-page","status-publish","hentry"],"acf":[],"yoast_head":"<!-- This site is optimized with the Yoast SEO plugin v25.5 - https:\/\/yoast.com\/wordpress\/plugins\/seo\/ -->\n<title>Cart\u00f3n Sultana: Cadena de Suministro para Empaque en M\u00e9xico<\/title>\n<meta name=\"description\" content=\"En Sultana, fortalecemos tu Cadena de Suministro para Empaque en M\u00e9xico. Nuestras soluciones garantizan eficiencia en cada etapa.\" \/>\n<meta name=\"robots\" content=\"index, follow, max-snippet:-1, max-image-preview:large, max-video-preview:-1\" \/>\n<link rel=\"canonical\" href=\"https:\/\/cartonsultana.com\/en\/gestion-de-cadena-de-suministro-para-empaque-en-mexico\/\" \/>\n<meta property=\"og:locale\" content=\"en_US\" \/>\n<meta property=\"og:type\" content=\"article\" \/>\n<meta property=\"og:title\" content=\"Cart\u00f3n Sultana: Cadena de Suministro para Empaque en M\u00e9xico\" \/>\n<meta property=\"og:description\" content=\"En Sultana, fortalecemos tu Cadena de Suministro para Empaque en M\u00e9xico. Nuestras soluciones garantizan eficiencia en cada etapa.\" \/>\n<meta property=\"og:url\" content=\"https:\/\/cartonsultana.com\/en\/gestion-de-cadena-de-suministro-para-empaque-en-mexico\/\" \/>\n<meta property=\"og:site_name\" content=\"Sultana\" \/>\n<meta property=\"article:modified_time\" content=\"2024-10-10T18:34:49+00:00\" \/>\n<meta property=\"og:image\" content=\"https:\/\/cartonsultana.com\/wp-content\/uploads\/2024\/07\/Industria-logistica.jpg\" \/>\n\t<meta property=\"og:image:width\" content=\"572\" \/>\n\t<meta property=\"og:image:height\" content=\"344\" \/>\n\t<meta property=\"og:image:type\" content=\"image\/jpeg\" \/>\n<meta name=\"twitter:card\" content=\"summary_large_image\" \/>\n<meta name=\"twitter:label1\" content=\"Est. reading time\" \/>\n\t<meta name=\"twitter:data1\" content=\"2 minutes\" \/>\n<script type=\"application\/ld+json\" class=\"yoast-schema-graph\">{\"@context\":\"https:\/\/schema.org\",\"@graph\":[{\"@type\":\"WebPage\",\"@id\":\"https:\/\/cartonsultana.com\/gestion-de-cadena-de-suministro-para-empaque-en-mexico\/\",\"url\":\"https:\/\/cartonsultana.com\/gestion-de-cadena-de-suministro-para-empaque-en-mexico\/\",\"name\":\"Cart\u00f3n Sultana: Cadena de Suministro para Empaque en M\u00e9xico\",\"isPartOf\":{\"@id\":\"https:\/\/cartonsultana.com\/#website\"},\"primaryImageOfPage\":{\"@id\":\"https:\/\/cartonsultana.com\/gestion-de-cadena-de-suministro-para-empaque-en-mexico\/#primaryimage\"},\"image\":{\"@id\":\"https:\/\/cartonsultana.com\/gestion-de-cadena-de-suministro-para-empaque-en-mexico\/#primaryimage\"},\"thumbnailUrl\":\"https:\/\/cartonsultana.com\/wp-content\/uploads\/2024\/07\/Industria-logistica.jpg\",\"datePublished\":\"2024-07-15T07:01:04+00:00\",\"dateModified\":\"2024-10-10T18:34:49+00:00\",\"description\":\"En Sultana, fortalecemos tu Cadena de Suministro para Empaque en M\u00e9xico. Nuestras soluciones garantizan eficiencia en cada etapa.\",\"breadcrumb\":{\"@id\":\"https:\/\/cartonsultana.com\/gestion-de-cadena-de-suministro-para-empaque-en-mexico\/#breadcrumb\"},\"inLanguage\":\"en-US\",\"potentialAction\":[{\"@type\":\"ReadAction\",\"target\":[\"https:\/\/cartonsultana.com\/gestion-de-cadena-de-suministro-para-empaque-en-mexico\/\"]}]},{\"@type\":\"ImageObject\",\"inLanguage\":\"en-US\",\"@id\":\"https:\/\/cartonsultana.com\/gestion-de-cadena-de-suministro-para-empaque-en-mexico\/#primaryimage\",\"url\":\"https:\/\/cartonsultana.com\/wp-content\/uploads\/2024\/07\/Industria-logistica.jpg\",\"contentUrl\":\"https:\/\/cartonsultana.com\/wp-content\/uploads\/2024\/07\/Industria-logistica.jpg\"},{\"@type\":\"BreadcrumbList\",\"@id\":\"https:\/\/cartonsultana.com\/gestion-de-cadena-de-suministro-para-empaque-en-mexico\/#breadcrumb\",\"itemListElement\":[{\"@type\":\"ListItem\",\"position\":1,\"name\":\"Home\",\"item\":\"https:\/\/cartonsultana.com\/\"},{\"@type\":\"ListItem\",\"position\":2,\"name\":\"Administraci\u00f3n de la cadena de suministro\"}]},{\"@type\":\"WebSite\",\"@id\":\"https:\/\/cartonsultana.com\/#website\",\"url\":\"https:\/\/cartonsultana.com\/\",\"name\":\"Cart\u00f3n Sultana\",\"description\":\"\",\"publisher\":{\"@id\":\"https:\/\/cartonsultana.com\/#organization\"},\"potentialAction\":[{\"@type\":\"SearchAction\",\"target\":{\"@type\":\"EntryPoint\",\"urlTemplate\":\"https:\/\/cartonsultana.com\/?s={search_term_string}\"},\"query-input\":{\"@type\":\"PropertyValueSpecification\",\"valueRequired\":true,\"valueName\":\"search_term_string\"}}],\"inLanguage\":\"en-US\"},{\"@type\":\"Organization\",\"@id\":\"https:\/\/cartonsultana.com\/#organization\",\"name\":\"Cart\u00f3n Sultana\",\"url\":\"https:\/\/cartonsultana.com\/\",\"logo\":{\"@type\":\"ImageObject\",\"inLanguage\":\"en-US\",\"@id\":\"https:\/\/cartonsultana.com\/#\/schema\/logo\/image\/\",\"url\":\"https:\/\/cartonsultana.com\/wp-content\/uploads\/2024\/06\/logo-sultana-color.png\",\"contentUrl\":\"https:\/\/cartonsultana.com\/wp-content\/uploads\/2024\/06\/logo-sultana-color.png\",\"width\":721,\"height\":207,\"caption\":\"Cart\u00f3n Sultana\"},\"image\":{\"@id\":\"https:\/\/cartonsultana.com\/#\/schema\/logo\/image\/\"}}]}<\/script>\n<!-- \/ Yoast SEO plugin. -->","yoast_head_json":{"title":"Cart\u00f3n Sultana: Cadena de Suministro para Empaque en M\u00e9xico","description":"En Sultana, fortalecemos tu Cadena de Suministro para Empaque en M\u00e9xico. Nuestras soluciones garantizan eficiencia en cada etapa.","robots":{"index":"index","follow":"follow","max-snippet":"max-snippet:-1","max-image-preview":"max-image-preview:large","max-video-preview":"max-video-preview:-1"},"canonical":"https:\/\/cartonsultana.com\/en\/gestion-de-cadena-de-suministro-para-empaque-en-mexico\/","og_locale":"en_US","og_type":"article","og_title":"Cart\u00f3n Sultana: Cadena de Suministro para Empaque en M\u00e9xico","og_description":"En Sultana, fortalecemos tu Cadena de Suministro para Empaque en M\u00e9xico. Nuestras soluciones garantizan eficiencia en cada etapa.","og_url":"https:\/\/cartonsultana.com\/en\/gestion-de-cadena-de-suministro-para-empaque-en-mexico\/","og_site_name":"Sultana","article_modified_time":"2024-10-10T18:34:49+00:00","og_image":[{"width":572,"height":344,"url":"https:\/\/cartonsultana.com\/wp-content\/uploads\/2024\/07\/Industria-logistica.jpg","type":"image\/jpeg"}],"twitter_card":"summary_large_image","twitter_misc":{"Est. reading time":"2 minutes"},"schema":{"@context":"https:\/\/schema.org","@graph":[{"@type":"WebPage","@id":"https:\/\/cartonsultana.com\/gestion-de-cadena-de-suministro-para-empaque-en-mexico\/","url":"https:\/\/cartonsultana.com\/gestion-de-cadena-de-suministro-para-empaque-en-mexico\/","name":"Cart\u00f3n Sultana: Cadena de Suministro para Empaque en M\u00e9xico","isPartOf":{"@id":"https:\/\/cartonsultana.com\/#website"},"primaryImageOfPage":{"@id":"https:\/\/cartonsultana.com\/gestion-de-cadena-de-suministro-para-empaque-en-mexico\/#primaryimage"},"image":{"@id":"https:\/\/cartonsultana.com\/gestion-de-cadena-de-suministro-para-empaque-en-mexico\/#primaryimage"},"thumbnailUrl":"https:\/\/cartonsultana.com\/wp-content\/uploads\/2024\/07\/Industria-logistica.jpg","datePublished":"2024-07-15T07:01:04+00:00","dateModified":"2024-10-10T18:34:49+00:00","description":"En Sultana, fortalecemos tu Cadena de Suministro para Empaque en M\u00e9xico. Nuestras soluciones garantizan eficiencia en cada etapa.","breadcrumb":{"@id":"https:\/\/cartonsultana.com\/gestion-de-cadena-de-suministro-para-empaque-en-mexico\/#breadcrumb"},"inLanguage":"en-US","potentialAction":[{"@type":"ReadAction","target":["https:\/\/cartonsultana.com\/gestion-de-cadena-de-suministro-para-empaque-en-mexico\/"]}]},{"@type":"ImageObject","inLanguage":"en-US","@id":"https:\/\/cartonsultana.com\/gestion-de-cadena-de-suministro-para-empaque-en-mexico\/#primaryimage","url":"https:\/\/cartonsultana.com\/wp-content\/uploads\/2024\/07\/Industria-logistica.jpg","contentUrl":"https:\/\/cartonsultana.com\/wp-content\/uploads\/2024\/07\/Industria-logistica.jpg"},{"@type":"BreadcrumbList","@id":"https:\/\/cartonsultana.com\/gestion-de-cadena-de-suministro-para-empaque-en-mexico\/#breadcrumb","itemListElement":[{"@type":"ListItem","position":1,"name":"Home","item":"https:\/\/cartonsultana.com\/"},{"@type":"ListItem","position":2,"name":"Administraci\u00f3n de la cadena de suministro"}]},{"@type":"WebSite","@id":"https:\/\/cartonsultana.com\/#website","url":"https:\/\/cartonsultana.com\/","name":"Cart\u00f3n Sultana","description":"","publisher":{"@id":"https:\/\/cartonsultana.com\/#organization"},"potentialAction":[{"@type":"SearchAction","target":{"@type":"EntryPoint","urlTemplate":"https:\/\/cartonsultana.com\/?s={search_term_string}"},"query-input":{"@type":"PropertyValueSpecification","valueRequired":true,"valueName":"search_term_string"}}],"inLanguage":"en-US"},{"@type":"Organization","@id":"https:\/\/cartonsultana.com\/#organization","name":"Cart\u00f3n Sultana","url":"https:\/\/cartonsultana.com\/","logo":{"@type":"ImageObject","inLanguage":"en-US","@id":"https:\/\/cartonsultana.com\/#\/schema\/logo\/image\/","url":"https:\/\/cartonsultana.com\/wp-content\/uploads\/2024\/06\/logo-sultana-color.png","contentUrl":"https:\/\/cartonsultana.com\/wp-content\/uploads\/2024\/06\/logo-sultana-color.png","width":721,"height":207,"caption":"Cart\u00f3n Sultana"},"image":{"@id":"https:\/\/cartonsultana.com\/#\/schema\/logo\/image\/"}}]}},"_links":{"self":[{"href":"https:\/\/cartonsultana.com\/en\/wp-json\/wp\/v2\/pages\/440"}],"collection":[{"href":"https:\/\/cartonsultana.com\/en\/wp-json\/wp\/v2\/pages"}],"about":[{"href":"https:\/\/cartonsultana.com\/en\/wp-json\/wp\/v2\/types\/page"}],"author":[{"embeddable":true,"href":"https:\/\/cartonsultana.com\/en\/wp-json\/wp\/v2\/users\/1"}],"replies":[{"embeddable":true,"href":"https:\/\/cartonsultana.com\/en\/wp-json\/wp\/v2\/comments?post=440"}],"version-history":[{"count":0,"href":"https:\/\/cartonsultana.com\/en\/wp-json\/wp\/v2\/pages\/440\/revisions"}],"wp:attachment":[{"href":"https:\/\/cartonsultana.com\/en\/wp-json\/wp\/v2\/media?parent=440"}],"curies":[{"name":"wp","href":"https:\/\/api.w.org\/{rel}","templated":true}]}}