{"id":26,"date":"2024-06-20T23:58:22","date_gmt":"2024-06-20T23:58:22","guid":{"rendered":"https:\/\/cartonsultana.com\/?page_id=26"},"modified":"2025-12-18T22:10:09","modified_gmt":"2025-12-18T22:10:09","slug":"contacto-carton-sultana","status":"publish","type":"page","link":"https:\/\/cartonsultana.com\/en\/contacto-carton-sultana\/","title":{"rendered":"Contact Us"},"content":{"rendered":"<div data-elementor-type=\"wp-page\" data-elementor-id=\"26\" class=\"elementor elementor-26\" data-elementor-post-type=\"page\">\n\t\t\t\t<div class=\"elementor-element elementor-element-1de97ab e-con-full e-flex elementor-invisible e-con e-parent\" data-id=\"1de97ab\" data-element_type=\"container\" data-settings=\"{&quot;background_background&quot;:&quot;classic&quot;,&quot;animation&quot;:&quot;bounceInUp&quot;}\">\n\t\t<div class=\"elementor-element elementor-element-0783bbd e-con-full elementor-hidden-tablet elementor-hidden-mobile e-flex e-con e-child\" data-id=\"0783bbd\" data-element_type=\"container\">\n\t\t\t\t<\/div>\n\t\t<div class=\"elementor-element elementor-element-2d87ae6 e-con-full e-flex e-con e-child\" data-id=\"2d87ae6\" data-element_type=\"container\" data-settings=\"{&quot;background_background&quot;:&quot;classic&quot;}\">\n\t\t\t\t<div class=\"elementor-element elementor-element-e5ac799 elementor-widget elementor-widget-image-box\" data-id=\"e5ac799\" data-element_type=\"widget\" data-widget_type=\"image-box.default\">\n\t\t\t\t<div class=\"elementor-widget-container\">\n\t\t\t<div class=\"elementor-image-box-wrapper\"><div class=\"elementor-image-box-content\"><h3 class=\"elementor-image-box-title\">Contact Us<\/h3><\/div><\/div>\t\t<\/div>\n\t\t\t\t<\/div>\n\t\t\t\t<\/div>\n\t\t\t\t<\/div>\n\t\t<div class=\"elementor-element elementor-element-b10f769 e-con-full e-flex elementor-invisible e-con e-parent\" data-id=\"b10f769\" data-element_type=\"container\" data-settings=\"{&quot;animation&quot;:&quot;bounceInRight&quot;}\">\n\t\t<div class=\"elementor-element elementor-element-3f6b87c e-con-full e-flex e-con e-child\" data-id=\"3f6b87c\" data-element_type=\"container\">\n\t\t\t\t<div class=\"elementor-element elementor-element-b2d0ff2 elementor-widget elementor-widget-image\" data-id=\"b2d0ff2\" data-element_type=\"widget\" data-widget_type=\"image.default\">\n\t\t\t\t<div class=\"elementor-widget-container\">\n\t\t\t\t\t\t\t\t\t\t\t\t\t<img fetchpriority=\"high\" decoding=\"async\" width=\"721\" height=\"207\" src=\"https:\/\/cartonsultana.com\/wp-content\/uploads\/2024\/06\/logo-sultana-color.png\" class=\"attachment-full size-full wp-image-35\" alt=\"\" srcset=\"https:\/\/cartonsultana.com\/wp-content\/uploads\/2024\/06\/logo-sultana-color.png 721w, https:\/\/cartonsultana.com\/wp-content\/uploads\/2024\/06\/logo-sultana-color-300x86.png 300w\" sizes=\"(max-width: 721px) 100vw, 721px\" \/>\t\t\t\t\t\t\t\t\t\t\t\t\t<\/div>\n\t\t\t\t<\/div>\n\t\t\t\t<div class=\"elementor-element elementor-element-8b4dbae elementor-widget elementor-widget-text-editor\" data-id=\"8b4dbae\" data-element_type=\"widget\" data-widget_type=\"text-editor.default\">\n\t\t\t\t<div class=\"elementor-widget-container\">\n\t\t\t\t\t\t\tCamino a la Huasteca #330<br> Col. El Lechugal, Santa Catarina,<br> C.P. 66376, Nuevo Le\u00f3n, M\u00e9xico\t\t\t\t\t\t<\/div>\n\t\t\t\t<\/div>\n\t\t\t\t<div class=\"elementor-element elementor-element-bde1625 elementor-widget elementor-widget-text-editor\" data-id=\"bde1625\" data-element_type=\"widget\" data-widget_type=\"text-editor.default\">\n\t\t\t\t<div class=\"elementor-widget-container\">\n\t\t\t\t\t\t\t<p class=\"title-heading-left fusion-responsive-typography-calculated\"><strong>Phone:<\/strong> +52 (81) 8122 2500<\/p>\t\t\t\t\t\t<\/div>\n\t\t\t\t<\/div>\n\t\t\t\t<\/div>\n\t\t<div class=\"elementor-element elementor-element-2bf93ca e-con-full e-flex e-con e-child\" data-id=\"2bf93ca\" data-element_type=\"container\">\n\t\t\t\t<div class=\"elementor-element elementor-element-a64a4c6 elementor-widget elementor-widget-text-editor\" data-id=\"a64a4c6\" data-element_type=\"widget\" data-widget_type=\"text-editor.default\">\n\t\t\t\t<div class=\"elementor-widget-container\">\n\t\t\t\t\t\t\t<p>Este formulario es <strong>exclusivo para clientes<\/strong> interesados en nuestros servicios. <br \/><span style=\"text-decoration: underline;\">Propuestas comerciales u ofrecimientos ser\u00e1n descartados.\u00a0<\/span><\/p>\t\t\t\t\t\t<\/div>\n\t\t\t\t<\/div>\n\t\t\t\t<div class=\"elementor-element elementor-element-955b814 elementor-widget elementor-widget-html\" data-id=\"955b814\" data-element_type=\"widget\" data-widget_type=\"html.default\">\n\t\t\t\t<div class=\"elementor-widget-container\">\n\t\t\t<div class=\"pipedriveWebForms\" data-pd-webforms=\"https:\/\/webforms.pipedrive.com\/f\/6OBar9HUpaWX4p4EfA4k0ImwDkYPeBJMJvTy53f49i3Ll8fNUC7ygYBC3aULlUwaDV\"><script src=\"https:\/\/webforms.pipedrive.com\/f\/loader\"><\/script><\/div>\t\t<\/div>\n\t\t\t\t<\/div>\n\t\t\t\t<\/div>\n\t\t\t\t<\/div>\n\t\t<div class=\"elementor-element elementor-element-c36e8ea e-con-full e-flex elementor-invisible e-con e-parent\" data-id=\"c36e8ea\" data-element_type=\"container\" data-settings=\"{&quot;animation&quot;:&quot;bounceInUp&quot;}\">\n\t\t<div class=\"elementor-element elementor-element-796f4e3 e-con-full e-flex e-con e-child\" data-id=\"796f4e3\" data-element_type=\"container\" data-settings=\"{&quot;background_background&quot;:&quot;classic&quot;}\">\n\t\t<div class=\"elementor-element elementor-element-d0fecd9 e-con-full e-flex e-con e-child\" data-id=\"d0fecd9\" data-element_type=\"container\">\n\t\t\t\t<div class=\"elementor-element elementor-element-d4d1b5c elementor-widget elementor-widget-image\" data-id=\"d4d1b5c\" data-element_type=\"widget\" data-widget_type=\"image.default\">\n\t\t\t\t<div class=\"elementor-widget-container\">\n\t\t\t\t\t\t\t\t\t\t\t\t\t<img decoding=\"async\" width=\"1000\" height=\"1537\" src=\"https:\/\/cartonsultana.com\/wp-content\/uploads\/2024\/07\/empleado-cs.png\" class=\"attachment-full size-full wp-image-916\" alt=\"\" srcset=\"https:\/\/cartonsultana.com\/wp-content\/uploads\/2024\/07\/empleado-cs.png 1000w, https:\/\/cartonsultana.com\/wp-content\/uploads\/2024\/07\/empleado-cs-195x300.png 195w, https:\/\/cartonsultana.com\/wp-content\/uploads\/2024\/07\/empleado-cs-666x1024.png 666w, https:\/\/cartonsultana.com\/wp-content\/uploads\/2024\/07\/empleado-cs-768x1180.png 768w\" sizes=\"(max-width: 1000px) 100vw, 1000px\" \/>\t\t\t\t\t\t\t\t\t\t\t\t\t<\/div>\n\t\t\t\t<\/div>\n\t\t\t\t<\/div>\n\t\t<div class=\"elementor-element elementor-element-0b9467e e-con-full e-flex e-con e-child\" data-id=\"0b9467e\" data-element_type=\"container\">\n\t\t\t\t<div class=\"elementor-element elementor-element-2f32d60 elementor-widget elementor-widget-heading\" data-id=\"2f32d60\" data-element_type=\"widget\" data-widget_type=\"heading.default\">\n\t\t\t\t<div class=\"elementor-widget-container\">\n\t\t\t<h2 class=\"elementor-heading-title elementor-size-default\">Be part of our work team.<\/h2>\t\t<\/div>\n\t\t\t\t<\/div>\n\t\t\t\t<div class=\"elementor-element elementor-element-c01a46a elementor-widget elementor-widget-button\" data-id=\"c01a46a\" data-element_type=\"widget\" data-widget_type=\"button.default\">\n\t\t\t\t<div class=\"elementor-widget-container\">\n\t\t\t\t\t<div class=\"elementor-button-wrapper\">\n\t\t\t<a class=\"elementor-button elementor-button-link elementor-size-sm\" href=\"https:\/\/cartonsultana.com\/en\/bolsa-de-trabajo\/\">\n\t\t\t\t\t\t<span class=\"elementor-button-content-wrapper\">\n\t\t\t\t\t\t\t\t\t<span class=\"elementor-button-text\">View Vacancies<\/span>\n\t\t\t\t\t<\/span>\n\t\t\t\t\t<\/a>\n\t\t<\/div>\n\t\t\t\t<\/div>\n\t\t\t\t<\/div>\n\t\t\t\t<\/div>\n\t\t\t\t<\/div>\n\t\t\t\t<\/div>\n\t\t\t\t<\/div>","protected":false},"excerpt":{"rendered":"<p>Contacto Camino a la Huasteca #330 Col. El Lechugal, Santa Catarina, C.P. 66376, Nuevo Le\u00f3n, M\u00e9xico Tel\u00e9fono: +52 (81) 8122 2500 Este formulario es exclusivo para clientes interesados en nuestros servicios. Propuestas comerciales u ofrecimientos ser\u00e1n descartados.\u00a0 Forma parte de nuestro equipo de trabajo. Ver Vacantes<\/p>","protected":false},"author":1,"featured_media":0,"parent":0,"menu_order":0,"comment_status":"closed","ping_status":"closed","template":"elementor_header_footer","meta":{"_acf_changed":false,"footnotes":""},"class_list":["post-26","page","type-page","status-publish","hentry"],"acf":[],"yoast_head":"<!-- This site is optimized with the Yoast SEO plugin v25.5 - https:\/\/yoast.com\/wordpress\/plugins\/seo\/ -->\n<title>Cart\u00f3n Sultana: Contacto<\/title>\n<meta name=\"description\" content=\"Ponte en contacto con nuestro equipo de profesionales, en donde recibir\u00edas atenci\u00f3n personalizada para atender tus necesidades.\" \/>\n<meta name=\"robots\" content=\"index, follow, max-snippet:-1, max-image-preview:large, max-video-preview:-1\" \/>\n<link rel=\"canonical\" href=\"https:\/\/cartonsultana.com\/en\/contacto-carton-sultana\/\" \/>\n<meta property=\"og:locale\" content=\"en_US\" \/>\n<meta property=\"og:type\" content=\"article\" \/>\n<meta property=\"og:title\" content=\"Cart\u00f3n Sultana: Contacto\" \/>\n<meta property=\"og:description\" content=\"Ponte en contacto con nuestro equipo de profesionales, en donde recibir\u00edas atenci\u00f3n personalizada para atender tus necesidades.\" \/>\n<meta property=\"og:url\" content=\"https:\/\/cartonsultana.com\/en\/contacto-carton-sultana\/\" \/>\n<meta property=\"og:site_name\" content=\"Sultana\" \/>\n<meta property=\"article:modified_time\" content=\"2025-12-18T22:10:09+00:00\" \/>\n<meta property=\"og:image\" content=\"https:\/\/cartonsultana.com\/wp-content\/uploads\/2024\/06\/logo-sultana-color.png\" \/>\n\t<meta property=\"og:image:width\" content=\"721\" \/>\n\t<meta property=\"og:image:height\" content=\"207\" \/>\n\t<meta property=\"og:image:type\" content=\"image\/png\" \/>\n<meta name=\"twitter:card\" content=\"summary_large_image\" \/>\n<meta name=\"twitter:label1\" content=\"Est. reading time\" \/>\n\t<meta name=\"twitter:data1\" content=\"1 minute\" \/>\n<script type=\"application\/ld+json\" class=\"yoast-schema-graph\">{\"@context\":\"https:\/\/schema.org\",\"@graph\":[{\"@type\":\"WebPage\",\"@id\":\"https:\/\/cartonsultana.com\/contacto-carton-sultana\/\",\"url\":\"https:\/\/cartonsultana.com\/contacto-carton-sultana\/\",\"name\":\"Cart\u00f3n Sultana: Contacto\",\"isPartOf\":{\"@id\":\"https:\/\/cartonsultana.com\/#website\"},\"primaryImageOfPage\":{\"@id\":\"https:\/\/cartonsultana.com\/contacto-carton-sultana\/#primaryimage\"},\"image\":{\"@id\":\"https:\/\/cartonsultana.com\/contacto-carton-sultana\/#primaryimage\"},\"thumbnailUrl\":\"https:\/\/cartonsultana.com\/wp-content\/uploads\/2024\/06\/logo-sultana-color.png\",\"datePublished\":\"2024-06-20T23:58:22+00:00\",\"dateModified\":\"2025-12-18T22:10:09+00:00\",\"description\":\"Ponte en contacto con nuestro equipo de profesionales, en donde recibir\u00edas atenci\u00f3n personalizada para atender tus necesidades.\",\"breadcrumb\":{\"@id\":\"https:\/\/cartonsultana.com\/contacto-carton-sultana\/#breadcrumb\"},\"inLanguage\":\"en-US\",\"potentialAction\":[{\"@type\":\"ReadAction\",\"target\":[\"https:\/\/cartonsultana.com\/contacto-carton-sultana\/\"]}]},{\"@type\":\"ImageObject\",\"inLanguage\":\"en-US\",\"@id\":\"https:\/\/cartonsultana.com\/contacto-carton-sultana\/#primaryimage\",\"url\":\"https:\/\/cartonsultana.com\/wp-content\/uploads\/2024\/06\/logo-sultana-color.png\",\"contentUrl\":\"https:\/\/cartonsultana.com\/wp-content\/uploads\/2024\/06\/logo-sultana-color.png\"},{\"@type\":\"BreadcrumbList\",\"@id\":\"https:\/\/cartonsultana.com\/contacto-carton-sultana\/#breadcrumb\",\"itemListElement\":[{\"@type\":\"ListItem\",\"position\":1,\"name\":\"Home\",\"item\":\"https:\/\/cartonsultana.com\/\"},{\"@type\":\"ListItem\",\"position\":2,\"name\":\"Contacto\"}]},{\"@type\":\"WebSite\",\"@id\":\"https:\/\/cartonsultana.com\/#website\",\"url\":\"https:\/\/cartonsultana.com\/\",\"name\":\"Cart\u00f3n Sultana\",\"description\":\"\",\"publisher\":{\"@id\":\"https:\/\/cartonsultana.com\/#organization\"},\"potentialAction\":[{\"@type\":\"SearchAction\",\"target\":{\"@type\":\"EntryPoint\",\"urlTemplate\":\"https:\/\/cartonsultana.com\/?s={search_term_string}\"},\"query-input\":{\"@type\":\"PropertyValueSpecification\",\"valueRequired\":true,\"valueName\":\"search_term_string\"}}],\"inLanguage\":\"en-US\"},{\"@type\":\"Organization\",\"@id\":\"https:\/\/cartonsultana.com\/#organization\",\"name\":\"Cart\u00f3n Sultana\",\"url\":\"https:\/\/cartonsultana.com\/\",\"logo\":{\"@type\":\"ImageObject\",\"inLanguage\":\"en-US\",\"@id\":\"https:\/\/cartonsultana.com\/#\/schema\/logo\/image\/\",\"url\":\"https:\/\/cartonsultana.com\/wp-content\/uploads\/2024\/06\/logo-sultana-color.png\",\"contentUrl\":\"https:\/\/cartonsultana.com\/wp-content\/uploads\/2024\/06\/logo-sultana-color.png\",\"width\":721,\"height\":207,\"caption\":\"Cart\u00f3n Sultana\"},\"image\":{\"@id\":\"https:\/\/cartonsultana.com\/#\/schema\/logo\/image\/\"}}]}<\/script>\n<!-- \/ Yoast SEO plugin. -->","yoast_head_json":{"title":"Cart\u00f3n Sultana: Contacto","description":"Ponte en contacto con nuestro equipo de profesionales, en donde recibir\u00edas atenci\u00f3n personalizada para atender tus necesidades.","robots":{"index":"index","follow":"follow","max-snippet":"max-snippet:-1","max-image-preview":"max-image-preview:large","max-video-preview":"max-video-preview:-1"},"canonical":"https:\/\/cartonsultana.com\/en\/contacto-carton-sultana\/","og_locale":"en_US","og_type":"article","og_title":"Cart\u00f3n Sultana: Contacto","og_description":"Ponte en contacto con nuestro equipo de profesionales, en donde recibir\u00edas atenci\u00f3n personalizada para atender tus necesidades.","og_url":"https:\/\/cartonsultana.com\/en\/contacto-carton-sultana\/","og_site_name":"Sultana","article_modified_time":"2025-12-18T22:10:09+00:00","og_image":[{"width":721,"height":207,"url":"https:\/\/cartonsultana.com\/wp-content\/uploads\/2024\/06\/logo-sultana-color.png","type":"image\/png"}],"twitter_card":"summary_large_image","twitter_misc":{"Est. reading time":"1 minute"},"schema":{"@context":"https:\/\/schema.org","@graph":[{"@type":"WebPage","@id":"https:\/\/cartonsultana.com\/contacto-carton-sultana\/","url":"https:\/\/cartonsultana.com\/contacto-carton-sultana\/","name":"Cart\u00f3n Sultana: Contacto","isPartOf":{"@id":"https:\/\/cartonsultana.com\/#website"},"primaryImageOfPage":{"@id":"https:\/\/cartonsultana.com\/contacto-carton-sultana\/#primaryimage"},"image":{"@id":"https:\/\/cartonsultana.com\/contacto-carton-sultana\/#primaryimage"},"thumbnailUrl":"https:\/\/cartonsultana.com\/wp-content\/uploads\/2024\/06\/logo-sultana-color.png","datePublished":"2024-06-20T23:58:22+00:00","dateModified":"2025-12-18T22:10:09+00:00","description":"Ponte en contacto con nuestro equipo de profesionales, en donde recibir\u00edas atenci\u00f3n personalizada para atender tus necesidades.","breadcrumb":{"@id":"https:\/\/cartonsultana.com\/contacto-carton-sultana\/#breadcrumb"},"inLanguage":"en-US","potentialAction":[{"@type":"ReadAction","target":["https:\/\/cartonsultana.com\/contacto-carton-sultana\/"]}]},{"@type":"ImageObject","inLanguage":"en-US","@id":"https:\/\/cartonsultana.com\/contacto-carton-sultana\/#primaryimage","url":"https:\/\/cartonsultana.com\/wp-content\/uploads\/2024\/06\/logo-sultana-color.png","contentUrl":"https:\/\/cartonsultana.com\/wp-content\/uploads\/2024\/06\/logo-sultana-color.png"},{"@type":"BreadcrumbList","@id":"https:\/\/cartonsultana.com\/contacto-carton-sultana\/#breadcrumb","itemListElement":[{"@type":"ListItem","position":1,"name":"Home","item":"https:\/\/cartonsultana.com\/"},{"@type":"ListItem","position":2,"name":"Contacto"}]},{"@type":"WebSite","@id":"https:\/\/cartonsultana.com\/#website","url":"https:\/\/cartonsultana.com\/","name":"Cart\u00f3n Sultana","description":"","publisher":{"@id":"https:\/\/cartonsultana.com\/#organization"},"potentialAction":[{"@type":"SearchAction","target":{"@type":"EntryPoint","urlTemplate":"https:\/\/cartonsultana.com\/?s={search_term_string}"},"query-input":{"@type":"PropertyValueSpecification","valueRequired":true,"valueName":"search_term_string"}}],"inLanguage":"en-US"},{"@type":"Organization","@id":"https:\/\/cartonsultana.com\/#organization","name":"Cart\u00f3n Sultana","url":"https:\/\/cartonsultana.com\/","logo":{"@type":"ImageObject","inLanguage":"en-US","@id":"https:\/\/cartonsultana.com\/#\/schema\/logo\/image\/","url":"https:\/\/cartonsultana.com\/wp-content\/uploads\/2024\/06\/logo-sultana-color.png","contentUrl":"https:\/\/cartonsultana.com\/wp-content\/uploads\/2024\/06\/logo-sultana-color.png","width":721,"height":207,"caption":"Cart\u00f3n Sultana"},"image":{"@id":"https:\/\/cartonsultana.com\/#\/schema\/logo\/image\/"}}]}},"_links":{"self":[{"href":"https:\/\/cartonsultana.com\/en\/wp-json\/wp\/v2\/pages\/26"}],"collection":[{"href":"https:\/\/cartonsultana.com\/en\/wp-json\/wp\/v2\/pages"}],"about":[{"href":"https:\/\/cartonsultana.com\/en\/wp-json\/wp\/v2\/types\/page"}],"author":[{"embeddable":true,"href":"https:\/\/cartonsultana.com\/en\/wp-json\/wp\/v2\/users\/1"}],"replies":[{"embeddable":true,"href":"https:\/\/cartonsultana.com\/en\/wp-json\/wp\/v2\/comments?post=26"}],"version-history":[{"count":0,"href":"https:\/\/cartonsultana.com\/en\/wp-json\/wp\/v2\/pages\/26\/revisions"}],"wp:attachment":[{"href":"https:\/\/cartonsultana.com\/en\/wp-json\/wp\/v2\/media?parent=26"}],"curies":[{"name":"wp","href":"https:\/\/api.w.org\/{rel}","templated":true}]}}