{"id":1778,"date":"2024-09-24T01:21:34","date_gmt":"2024-09-24T01:21:34","guid":{"rendered":"https:\/\/cartonsultana.com\/?page_id=1778"},"modified":"2024-10-10T03:07:42","modified_gmt":"2024-10-10T03:07:42","slug":"blog","status":"publish","type":"page","link":"https:\/\/cartonsultana.com\/en\/blog\/","title":{"rendered":"Blog"},"content":{"rendered":"<div data-elementor-type=\"wp-page\" data-elementor-id=\"1778\" class=\"elementor elementor-1778\" data-elementor-post-type=\"page\">\n\t\t\t\t<div class=\"elementor-element elementor-element-6d18721 e-con-full e-flex elementor-invisible e-con e-parent\" data-id=\"6d18721\" data-element_type=\"container\" data-settings=\"{&quot;background_background&quot;:&quot;classic&quot;,&quot;animation&quot;:&quot;bounceInUp&quot;}\">\n\t\t<div class=\"elementor-element elementor-element-3af001e e-con-full elementor-hidden-tablet elementor-hidden-mobile e-flex e-con e-child\" data-id=\"3af001e\" data-element_type=\"container\">\n\t\t\t\t<\/div>\n\t\t<div class=\"elementor-element elementor-element-54c2aa0 e-con-full e-flex e-con e-child\" data-id=\"54c2aa0\" data-element_type=\"container\" data-settings=\"{&quot;background_background&quot;:&quot;classic&quot;}\">\n\t\t\t\t<div class=\"elementor-element elementor-element-4bc8de4 elementor-widget elementor-widget-image-box\" data-id=\"4bc8de4\" data-element_type=\"widget\" data-widget_type=\"image-box.default\">\n\t\t\t\t<div class=\"elementor-widget-container\">\n\t\t\t<div class=\"elementor-image-box-wrapper\"><div class=\"elementor-image-box-content\"><h3 class=\"elementor-image-box-title\">Blog<\/h3><\/div><\/div>\t\t<\/div>\n\t\t\t\t<\/div>\n\t\t\t\t<\/div>\n\t\t\t\t<\/div>\n\t\t<div class=\"elementor-element elementor-element-f14becf e-flex e-con-boxed e-con e-parent\" data-id=\"f14becf\" data-element_type=\"container\">\n\t\t\t\t\t<div class=\"e-con-inner\">\n\t\t\t\t<div class=\"elementor-element elementor-element-84d669a elementor-widget elementor-widget-text-editor\" data-id=\"84d669a\" data-element_type=\"widget\" data-widget_type=\"text-editor.default\">\n\t\t\t\t<div class=\"elementor-widget-container\">\n\t\t\t\t\t\t\t<p>Read our latest articles and news here.<\/p>\t\t\t\t\t\t<\/div>\n\t\t\t\t<\/div>\n\t\t\t\t<div class=\"elementor-element elementor-element-84d3b69 elementor-widget-divider--view-line elementor-widget elementor-widget-divider\" data-id=\"84d3b69\" data-element_type=\"widget\" data-widget_type=\"divider.default\">\n\t\t\t\t<div class=\"elementor-widget-container\">\n\t\t\t\t\t<div class=\"elementor-divider\">\n\t\t\t<span class=\"elementor-divider-separator\">\n\t\t\t\t\t\t<\/span>\n\t\t<\/div>\n\t\t\t\t<\/div>\n\t\t\t\t<\/div>\n\t\t\t\t\t<\/div>\n\t\t\t\t<\/div>\n\t\t<div class=\"elementor-element elementor-element-418c375 e-flex e-con-boxed e-con e-parent\" data-id=\"418c375\" data-element_type=\"container\">\n\t\t\t\t\t<div class=\"e-con-inner\">\n\t\t\t\t<div class=\"elementor-element elementor-element-61647ab elementor-grid-3 elementor-grid-tablet-2 elementor-grid-mobile-1 elementor-widget elementor-widget-loop-grid\" data-id=\"61647ab\" data-element_type=\"widget\" data-settings=\"{&quot;template_id&quot;:&quot;1769&quot;,&quot;_skin&quot;:&quot;post&quot;,&quot;columns&quot;:&quot;3&quot;,&quot;columns_tablet&quot;:&quot;2&quot;,&quot;columns_mobile&quot;:&quot;1&quot;,&quot;edit_handle_selector&quot;:&quot;[data-elementor-type=\\&quot;loop-item\\&quot;]&quot;,&quot;row_gap&quot;:{&quot;unit&quot;:&quot;px&quot;,&quot;size&quot;:&quot;&quot;,&quot;sizes&quot;:[]},&quot;row_gap_tablet&quot;:{&quot;unit&quot;:&quot;px&quot;,&quot;size&quot;:&quot;&quot;,&quot;sizes&quot;:[]},&quot;row_gap_mobile&quot;:{&quot;unit&quot;:&quot;px&quot;,&quot;size&quot;:&quot;&quot;,&quot;sizes&quot;:[]}}\" data-widget_type=\"loop-grid.post\">\n\t\t\t\t<div class=\"elementor-widget-container\">\n\t\t\t\t\t<div class=\"elementor-loop-container elementor-grid\">\n\t\t<style id=\"loop-1769\">.elementor-1769 .elementor-element.elementor-element-2c1eaa1d{--display:flex;--flex-direction:column;--container-widget-width:100%;--container-widget-height:initial;--container-widget-flex-grow:0;--container-widget-align-self:initial;--flex-wrap-mobile:wrap;--gap:10px 10px;--background-transition:0.3s;--border-radius:20px 20px 20px 20px;box-shadow:0px 4px 44px 0px rgba(0, 0, 0, 0.1);--padding-top:20px;--padding-bottom:55px;--padding-left:20px;--padding-right:20px;}.elementor-1769 .elementor-element.elementor-element-2c1eaa1d:hover{box-shadow:0px 2px 25px 0px rgba(0, 0, 0, 0.2);}.elementor-1769 .elementor-element.elementor-element-1dfcf940{width:100%;max-width:100%;}.elementor-1769 .elementor-element.elementor-element-1dfcf940 img{width:100%;height:260px;object-fit:cover;object-position:center center;filter:brightness( 100% ) contrast( 100% ) saturate( 100% ) blur( 0px ) hue-rotate( 0deg );transition-duration:0.3s;}.elementor-1769 .elementor-element.elementor-element-1dfcf940:hover img{filter:brightness( 105% ) contrast( 100% ) saturate( 105% ) blur( 0px ) hue-rotate( 0deg );}.elementor-1769 .elementor-element.elementor-element-12607172{--display:flex;--flex-direction:row;--container-widget-width:calc( ( 1 - var( --container-widget-flex-grow ) ) * 100% );--container-widget-height:100%;--container-widget-flex-grow:1;--container-widget-align-self:stretch;--flex-wrap-mobile:wrap;--align-items:center;--gap:14px 14px;--background-transition:0.3s;--margin-top:15px;--margin-bottom:15px;--margin-left:0px;--margin-right:0px;--padding-top:0px;--padding-bottom:0px;--padding-left:0px;--padding-right:0px;}.elementor-1769 .elementor-element.elementor-element-b021a02 > .elementor-widget-container{background-color:#B9CEFF;padding:3px 12px 2px 12px;border-radius:30px 30px 30px 30px;}.elementor-1769 .elementor-element.elementor-element-b021a02 .elementor-heading-title{color:#181818;font-family:\"DM Sans\", Sans-serif;font-size:12px;font-weight:600;text-transform:uppercase;font-style:normal;text-decoration:none;line-height:1.7em;letter-spacing:-0.02em;word-spacing:0em;}.elementor-1769 .elementor-element.elementor-element-1c2d6c21 > .elementor-widget-container{padding:6px 0px 6px 0px;}.elementor-1769 .elementor-element.elementor-element-1c2d6c21 .elementor-heading-title{color:#8D8D8D;font-family:\"DM Sans\", Sans-serif;font-size:18px;font-weight:600;text-transform:uppercase;font-style:normal;text-decoration:none;line-height:1.5em;letter-spacing:-0.01em;word-spacing:0em;}.elementor-1769 .elementor-element.elementor-element-7980b63e .elementor-heading-title{color:#181818;font-family:\"DM Sans\", Sans-serif;font-size:25px;font-weight:500;text-transform:none;font-style:normal;text-decoration:none;line-height:1.2em;letter-spacing:-0.04em;word-spacing:0em;}.elementor-1769 .elementor-element.elementor-element-2bd06221 .elementor-widget-container{color:#181818;font-family:\"DM Sans\", Sans-serif;font-size:18px;font-weight:500;text-transform:none;font-style:normal;text-decoration:none;line-height:1.5em;letter-spacing:-0.01em;word-spacing:0em;}@media(max-width:1024px){.elementor-1769 .elementor-element.elementor-element-1dfcf940 img{height:200px;}.elementor-1769 .elementor-element.elementor-element-12607172{--justify-content:space-between;}.elementor-1769 .elementor-element.elementor-element-b021a02 .elementor-heading-title{line-height:2.3em;}.elementor-1769 .elementor-element.elementor-element-2bd06221 .elementor-widget-container{font-size:14px;}}@media(max-width:767px){.elementor-1769 .elementor-element.elementor-element-1dfcf940 img{height:168px;}.elementor-1769 .elementor-element.elementor-element-12607172{--justify-content:flex-start;}.elementor-1769 .elementor-element.elementor-element-b021a02 > .elementor-widget-container{padding:1px 12px 1px 12px;}.elementor-1769 .elementor-element.elementor-element-b021a02 .elementor-heading-title{font-size:15px;line-height:2.1em;}.elementor-1769 .elementor-element.elementor-element-1c2d6c21 .elementor-heading-title{font-size:17px;}.elementor-1769 .elementor-element.elementor-element-7980b63e{text-align:left;}.elementor-1769 .elementor-element.elementor-element-7980b63e .elementor-heading-title{font-size:27px;}.elementor-1769 .elementor-element.elementor-element-2bd06221 .elementor-widget-container{text-align:left;font-size:13px;}}<\/style>\t\t<div data-elementor-type=\"loop-item\" data-elementor-id=\"1769\" class=\"elementor elementor-1769 e-loop-item e-loop-item-1953 post-1953 post type-post status-publish format-standard has-post-thumbnail hentry category-embalaje\" data-elementor-post-type=\"elementor_library\" data-custom-edit-handle=\"1\">\n\t\t\t<a class=\"elementor-element elementor-element-2c1eaa1d e-con-full e-flex e-con e-parent\" data-id=\"2c1eaa1d\" data-element_type=\"container\" href=\"https:\/\/cartonsultana.com\/en\/empaques-personalizados-como-diferenciador\/\">\n\t\t\t\t<div class=\"elementor-element elementor-element-1dfcf940 elementor-widget__width-inherit elementor-widget elementor-widget-theme-post-featured-image elementor-widget-image\" data-id=\"1dfcf940\" data-element_type=\"widget\" data-widget_type=\"theme-post-featured-image.default\">\n\t\t\t\t<div class=\"elementor-widget-container\">\n\t\t\t\t\t\t\t\t\t\t\t\t\t<img fetchpriority=\"high\" decoding=\"async\" width=\"1067\" height=\"600\" src=\"https:\/\/cartonsultana.com\/wp-content\/uploads\/2024\/09\/empaques-personalizados-como-diferenciador.png\" class=\"attachment-full size-full wp-image-1958\" alt=\"\" srcset=\"https:\/\/cartonsultana.com\/wp-content\/uploads\/2024\/09\/empaques-personalizados-como-diferenciador.png 1067w, https:\/\/cartonsultana.com\/wp-content\/uploads\/2024\/09\/empaques-personalizados-como-diferenciador-300x169.png 300w, https:\/\/cartonsultana.com\/wp-content\/uploads\/2024\/09\/empaques-personalizados-como-diferenciador-1024x576.png 1024w, https:\/\/cartonsultana.com\/wp-content\/uploads\/2024\/09\/empaques-personalizados-como-diferenciador-768x432.png 768w, https:\/\/cartonsultana.com\/wp-content\/uploads\/2024\/09\/empaques-personalizados-como-diferenciador-18x10.png 18w, https:\/\/cartonsultana.com\/wp-content\/uploads\/2024\/09\/empaques-personalizados-como-diferenciador-200x112.png 200w\" sizes=\"(max-width: 1067px) 100vw, 1067px\" \/>\t\t\t\t\t\t\t\t\t\t\t\t\t<\/div>\n\t\t\t\t<\/div>\n\t\t<div class=\"elementor-element elementor-element-12607172 e-con-full e-flex e-con e-child\" data-id=\"12607172\" data-element_type=\"container\">\n\t\t\t\t<div class=\"elementor-element elementor-element-b021a02 elementor-widget elementor-widget-heading\" data-id=\"b021a02\" data-element_type=\"widget\" data-widget_type=\"heading.default\">\n\t\t\t\t<div class=\"elementor-widget-container\">\n\t\t\t<p class=\"elementor-heading-title elementor-size-default\"><span>Packaging<\/span><\/p>\t\t<\/div>\n\t\t\t\t<\/div>\n\t\t\t\t<div class=\"elementor-element elementor-element-1c2d6c21 elementor-widget elementor-widget-heading\" data-id=\"1c2d6c21\" data-element_type=\"widget\" data-widget_type=\"heading.default\">\n\t\t\t\t<div class=\"elementor-widget-container\">\n\t\t\t<p class=\"elementor-heading-title elementor-size-default\">24 Sep 2024<\/p>\t\t<\/div>\n\t\t\t\t<\/div>\n\t\t\t\t<\/div>\n\t\t\t\t<div class=\"elementor-element elementor-element-7980b63e elementor-widget elementor-widget-theme-post-title elementor-page-title elementor-widget-heading\" data-id=\"7980b63e\" data-element_type=\"widget\" data-widget_type=\"theme-post-title.default\">\n\t\t\t\t<div class=\"elementor-widget-container\">\n\t\t\t<h4 class=\"elementor-heading-title elementor-size-default\">Personalized packaging as a differentiator<\/h4>\t\t<\/div>\n\t\t\t\t<\/div>\n\t\t\t\t<div class=\"elementor-element elementor-element-2bd06221 elementor-widget elementor-widget-theme-post-excerpt\" data-id=\"2bd06221\" data-element_type=\"widget\" data-widget_type=\"theme-post-excerpt.default\">\n\t\t\t\t<div class=\"elementor-widget-container\">\n\t\t\tCustomized packaging is a key differentiator, enhancing brand identity and customer experience in the marketplace.\t\t<\/div>\n\t\t\t\t<\/div>\n\t\t\t\t<\/a>\n\t\t\t\t<\/div>\n\t\t\t\t<div data-elementor-type=\"loop-item\" data-elementor-id=\"1769\" class=\"elementor elementor-1769 e-loop-item e-loop-item-1945 post-1945 post type-post status-publish format-standard has-post-thumbnail hentry category-cadena-de-suministro\" data-elementor-post-type=\"elementor_library\" data-custom-edit-handle=\"1\">\n\t\t\t<a class=\"elementor-element elementor-element-2c1eaa1d e-con-full e-flex e-con e-parent\" data-id=\"2c1eaa1d\" data-element_type=\"container\" href=\"https:\/\/cartonsultana.com\/en\/la-importancia-del-embalaje-en-la-cadena-de-suministro\/\">\n\t\t\t\t<div class=\"elementor-element elementor-element-1dfcf940 elementor-widget__width-inherit elementor-widget elementor-widget-theme-post-featured-image elementor-widget-image\" data-id=\"1dfcf940\" data-element_type=\"widget\" data-widget_type=\"theme-post-featured-image.default\">\n\t\t\t\t<div class=\"elementor-widget-container\">\n\t\t\t\t\t\t\t\t\t\t\t\t\t<img decoding=\"async\" width=\"1067\" height=\"600\" src=\"https:\/\/cartonsultana.com\/wp-content\/uploads\/2024\/09\/La-importancia-del-embalaje-en-la-cadena-de-suministro.png\" class=\"attachment-full size-full wp-image-1946\" alt=\"La importancia del embalaje en la cadena de suministro\" srcset=\"https:\/\/cartonsultana.com\/wp-content\/uploads\/2024\/09\/La-importancia-del-embalaje-en-la-cadena-de-suministro.png 1067w, https:\/\/cartonsultana.com\/wp-content\/uploads\/2024\/09\/La-importancia-del-embalaje-en-la-cadena-de-suministro-300x169.png 300w, https:\/\/cartonsultana.com\/wp-content\/uploads\/2024\/09\/La-importancia-del-embalaje-en-la-cadena-de-suministro-1024x576.png 1024w, https:\/\/cartonsultana.com\/wp-content\/uploads\/2024\/09\/La-importancia-del-embalaje-en-la-cadena-de-suministro-768x432.png 768w, https:\/\/cartonsultana.com\/wp-content\/uploads\/2024\/09\/La-importancia-del-embalaje-en-la-cadena-de-suministro-18x10.png 18w, https:\/\/cartonsultana.com\/wp-content\/uploads\/2024\/09\/La-importancia-del-embalaje-en-la-cadena-de-suministro-200x112.png 200w\" sizes=\"(max-width: 1067px) 100vw, 1067px\" \/>\t\t\t\t\t\t\t\t\t\t\t\t\t<\/div>\n\t\t\t\t<\/div>\n\t\t<div class=\"elementor-element elementor-element-12607172 e-con-full e-flex e-con e-child\" data-id=\"12607172\" data-element_type=\"container\">\n\t\t\t\t<div class=\"elementor-element elementor-element-b021a02 elementor-widget elementor-widget-heading\" data-id=\"b021a02\" data-element_type=\"widget\" data-widget_type=\"heading.default\">\n\t\t\t\t<div class=\"elementor-widget-container\">\n\t\t\t<p class=\"elementor-heading-title elementor-size-default\"><span>Supply Chain<\/span><\/p>\t\t<\/div>\n\t\t\t\t<\/div>\n\t\t\t\t<div class=\"elementor-element elementor-element-1c2d6c21 elementor-widget elementor-widget-heading\" data-id=\"1c2d6c21\" data-element_type=\"widget\" data-widget_type=\"heading.default\">\n\t\t\t\t<div class=\"elementor-widget-container\">\n\t\t\t<p class=\"elementor-heading-title elementor-size-default\">24 Sep 2024<\/p>\t\t<\/div>\n\t\t\t\t<\/div>\n\t\t\t\t<\/div>\n\t\t\t\t<div class=\"elementor-element elementor-element-7980b63e elementor-widget elementor-widget-theme-post-title elementor-page-title elementor-widget-heading\" data-id=\"7980b63e\" data-element_type=\"widget\" data-widget_type=\"theme-post-title.default\">\n\t\t\t\t<div class=\"elementor-widget-container\">\n\t\t\t<h4 class=\"elementor-heading-title elementor-size-default\">The importance of packaging in the supply chain<\/h4>\t\t<\/div>\n\t\t\t\t<\/div>\n\t\t\t\t<div class=\"elementor-element elementor-element-2bd06221 elementor-widget elementor-widget-theme-post-excerpt\" data-id=\"2bd06221\" data-element_type=\"widget\" data-widget_type=\"theme-post-excerpt.default\">\n\t\t\t\t<div class=\"elementor-widget-container\">\n\t\t\tPackaging is crucial in the supply chain, protecting products and optimizing costs at Carton Sultana with sustainable solutions.\t\t<\/div>\n\t\t\t\t<\/div>\n\t\t\t\t<\/a>\n\t\t\t\t<\/div>\n\t\t\t\t<div data-elementor-type=\"loop-item\" data-elementor-id=\"1769\" class=\"elementor elementor-1769 e-loop-item e-loop-item-1770 post-1770 post type-post status-publish format-standard has-post-thumbnail hentry category-embalaje\" data-elementor-post-type=\"elementor_library\" data-custom-edit-handle=\"1\">\n\t\t\t<a class=\"elementor-element elementor-element-2c1eaa1d e-con-full e-flex e-con e-parent\" data-id=\"2c1eaa1d\" data-element_type=\"container\" href=\"https:\/\/cartonsultana.com\/en\/soluciones-de-embalaje-en-mexico-que-transforman-la-industria\/\">\n\t\t\t\t<div class=\"elementor-element elementor-element-1dfcf940 elementor-widget__width-inherit elementor-widget elementor-widget-theme-post-featured-image elementor-widget-image\" data-id=\"1dfcf940\" data-element_type=\"widget\" data-widget_type=\"theme-post-featured-image.default\">\n\t\t\t\t<div class=\"elementor-widget-container\">\n\t\t\t\t\t\t\t\t\t\t\t\t\t<img decoding=\"async\" width=\"1067\" height=\"600\" src=\"https:\/\/cartonsultana.com\/wp-content\/uploads\/2024\/09\/soluciones-de-embalaje-en-mexico-que-transforman-la-industria.png\" class=\"attachment-full size-full wp-image-1771\" alt=\"Soluciones de embalaje en M\u00e9xico que transforman la industria\" srcset=\"https:\/\/cartonsultana.com\/wp-content\/uploads\/2024\/09\/soluciones-de-embalaje-en-mexico-que-transforman-la-industria.png 1067w, https:\/\/cartonsultana.com\/wp-content\/uploads\/2024\/09\/soluciones-de-embalaje-en-mexico-que-transforman-la-industria-300x169.png 300w, https:\/\/cartonsultana.com\/wp-content\/uploads\/2024\/09\/soluciones-de-embalaje-en-mexico-que-transforman-la-industria-1024x576.png 1024w, https:\/\/cartonsultana.com\/wp-content\/uploads\/2024\/09\/soluciones-de-embalaje-en-mexico-que-transforman-la-industria-768x432.png 768w, https:\/\/cartonsultana.com\/wp-content\/uploads\/2024\/09\/soluciones-de-embalaje-en-mexico-que-transforman-la-industria-18x10.png 18w, https:\/\/cartonsultana.com\/wp-content\/uploads\/2024\/09\/soluciones-de-embalaje-en-mexico-que-transforman-la-industria-200x112.png 200w\" sizes=\"(max-width: 1067px) 100vw, 1067px\" \/>\t\t\t\t\t\t\t\t\t\t\t\t\t<\/div>\n\t\t\t\t<\/div>\n\t\t<div class=\"elementor-element elementor-element-12607172 e-con-full e-flex e-con e-child\" data-id=\"12607172\" data-element_type=\"container\">\n\t\t\t\t<div class=\"elementor-element elementor-element-b021a02 elementor-widget elementor-widget-heading\" data-id=\"b021a02\" data-element_type=\"widget\" data-widget_type=\"heading.default\">\n\t\t\t\t<div class=\"elementor-widget-container\">\n\t\t\t<p class=\"elementor-heading-title elementor-size-default\"><span>Packaging<\/span><\/p>\t\t<\/div>\n\t\t\t\t<\/div>\n\t\t\t\t<div class=\"elementor-element elementor-element-1c2d6c21 elementor-widget elementor-widget-heading\" data-id=\"1c2d6c21\" data-element_type=\"widget\" data-widget_type=\"heading.default\">\n\t\t\t\t<div class=\"elementor-widget-container\">\n\t\t\t<p class=\"elementor-heading-title elementor-size-default\">19 Sep 2024<\/p>\t\t<\/div>\n\t\t\t\t<\/div>\n\t\t\t\t<\/div>\n\t\t\t\t<div class=\"elementor-element elementor-element-7980b63e elementor-widget elementor-widget-theme-post-title elementor-page-title elementor-widget-heading\" data-id=\"7980b63e\" data-element_type=\"widget\" data-widget_type=\"theme-post-title.default\">\n\t\t\t\t<div class=\"elementor-widget-container\">\n\t\t\t<h4 class=\"elementor-heading-title elementor-size-default\">Packaging solutions in Mexico that transform the industry<\/h4>\t\t<\/div>\n\t\t\t\t<\/div>\n\t\t\t\t<div class=\"elementor-element elementor-element-2bd06221 elementor-widget elementor-widget-theme-post-excerpt\" data-id=\"2bd06221\" data-element_type=\"widget\" data-widget_type=\"theme-post-excerpt.default\">\n\t\t\t\t<div class=\"elementor-widget-container\">\n\t\t\tPackaging and logistics solutions in Mexico are transforming processes and redefining the industry today.\t\t<\/div>\n\t\t\t\t<\/div>\n\t\t\t\t<\/a>\n\t\t\t\t<\/div>\n\t\t\t\t<\/div>\n\t\t\n\t\t\t\t<\/div>\n\t\t\t\t<\/div>\n\t\t\t\t\t<\/div>\n\t\t\t\t<\/div>\n\t\t\t\t<\/div>","protected":false},"excerpt":{"rendered":"<p>Blog Conoce aqu\u00ed nuestros \u00faltimos art\u00edculos y noticias.<\/p>","protected":false},"author":1,"featured_media":0,"parent":0,"menu_order":0,"comment_status":"closed","ping_status":"closed","template":"elementor_header_footer","meta":{"_acf_changed":false,"footnotes":""},"class_list":["post-1778","page","type-page","status-publish","hentry"],"acf":[],"yoast_head":"<!-- This site is optimized with the Yoast SEO plugin v25.5 - https:\/\/yoast.com\/wordpress\/plugins\/seo\/ -->\n<title>Sultana: Art\u00edculos y Noticias<\/title>\n<meta name=\"description\" content=\"Conoce los art\u00edculos y noticias de Cart\u00f3n Sultana, informaci\u00f3n relevante sobre el mercado e innovaciones en la industria.\" \/>\n<meta name=\"robots\" content=\"index, follow, max-snippet:-1, max-image-preview:large, max-video-preview:-1\" \/>\n<link rel=\"canonical\" href=\"https:\/\/cartonsultana.com\/en\/blog\/\" \/>\n<meta property=\"og:locale\" content=\"en_US\" \/>\n<meta property=\"og:type\" content=\"article\" \/>\n<meta property=\"og:title\" content=\"Sultana: Art\u00edculos y Noticias\" \/>\n<meta property=\"og:description\" content=\"Conoce los art\u00edculos y noticias de Cart\u00f3n Sultana, informaci\u00f3n relevante sobre el mercado e innovaciones en la industria.\" \/>\n<meta property=\"og:url\" content=\"https:\/\/cartonsultana.com\/en\/blog\/\" \/>\n<meta property=\"og:site_name\" content=\"Sultana\" \/>\n<meta property=\"article:modified_time\" content=\"2024-10-10T03:07:42+00:00\" \/>\n<meta name=\"twitter:card\" content=\"summary_large_image\" \/>\n<meta name=\"twitter:label1\" content=\"Est. reading time\" \/>\n\t<meta name=\"twitter:data1\" content=\"3 minutes\" \/>\n<script type=\"application\/ld+json\" class=\"yoast-schema-graph\">{\"@context\":\"https:\/\/schema.org\",\"@graph\":[{\"@type\":\"WebPage\",\"@id\":\"https:\/\/cartonsultana.com\/blog\/\",\"url\":\"https:\/\/cartonsultana.com\/blog\/\",\"name\":\"Sultana: Art\u00edculos y Noticias\",\"isPartOf\":{\"@id\":\"https:\/\/cartonsultana.com\/#website\"},\"datePublished\":\"2024-09-24T01:21:34+00:00\",\"dateModified\":\"2024-10-10T03:07:42+00:00\",\"description\":\"Conoce los art\u00edculos y noticias de Cart\u00f3n Sultana, informaci\u00f3n relevante sobre el mercado e innovaciones en la industria.\",\"breadcrumb\":{\"@id\":\"https:\/\/cartonsultana.com\/blog\/#breadcrumb\"},\"inLanguage\":\"en-US\",\"potentialAction\":[{\"@type\":\"ReadAction\",\"target\":[\"https:\/\/cartonsultana.com\/blog\/\"]}]},{\"@type\":\"BreadcrumbList\",\"@id\":\"https:\/\/cartonsultana.com\/blog\/#breadcrumb\",\"itemListElement\":[{\"@type\":\"ListItem\",\"position\":1,\"name\":\"Home\",\"item\":\"https:\/\/cartonsultana.com\/\"},{\"@type\":\"ListItem\",\"position\":2,\"name\":\"Blog\"}]},{\"@type\":\"WebSite\",\"@id\":\"https:\/\/cartonsultana.com\/#website\",\"url\":\"https:\/\/cartonsultana.com\/\",\"name\":\"Cart\u00f3n Sultana\",\"description\":\"\",\"publisher\":{\"@id\":\"https:\/\/cartonsultana.com\/#organization\"},\"potentialAction\":[{\"@type\":\"SearchAction\",\"target\":{\"@type\":\"EntryPoint\",\"urlTemplate\":\"https:\/\/cartonsultana.com\/?s={search_term_string}\"},\"query-input\":{\"@type\":\"PropertyValueSpecification\",\"valueRequired\":true,\"valueName\":\"search_term_string\"}}],\"inLanguage\":\"en-US\"},{\"@type\":\"Organization\",\"@id\":\"https:\/\/cartonsultana.com\/#organization\",\"name\":\"Cart\u00f3n Sultana\",\"url\":\"https:\/\/cartonsultana.com\/\",\"logo\":{\"@type\":\"ImageObject\",\"inLanguage\":\"en-US\",\"@id\":\"https:\/\/cartonsultana.com\/#\/schema\/logo\/image\/\",\"url\":\"https:\/\/cartonsultana.com\/wp-content\/uploads\/2024\/06\/logo-sultana-color.png\",\"contentUrl\":\"https:\/\/cartonsultana.com\/wp-content\/uploads\/2024\/06\/logo-sultana-color.png\",\"width\":721,\"height\":207,\"caption\":\"Cart\u00f3n Sultana\"},\"image\":{\"@id\":\"https:\/\/cartonsultana.com\/#\/schema\/logo\/image\/\"}}]}<\/script>\n<!-- \/ Yoast SEO plugin. -->","yoast_head_json":{"title":"Sultana: Art\u00edculos y Noticias","description":"Conoce los art\u00edculos y noticias de Cart\u00f3n Sultana, informaci\u00f3n relevante sobre el mercado e innovaciones en la industria.","robots":{"index":"index","follow":"follow","max-snippet":"max-snippet:-1","max-image-preview":"max-image-preview:large","max-video-preview":"max-video-preview:-1"},"canonical":"https:\/\/cartonsultana.com\/en\/blog\/","og_locale":"en_US","og_type":"article","og_title":"Sultana: Art\u00edculos y Noticias","og_description":"Conoce los art\u00edculos y noticias de Cart\u00f3n Sultana, informaci\u00f3n relevante sobre el mercado e innovaciones en la industria.","og_url":"https:\/\/cartonsultana.com\/en\/blog\/","og_site_name":"Sultana","article_modified_time":"2024-10-10T03:07:42+00:00","twitter_card":"summary_large_image","twitter_misc":{"Est. reading time":"3 minutes"},"schema":{"@context":"https:\/\/schema.org","@graph":[{"@type":"WebPage","@id":"https:\/\/cartonsultana.com\/blog\/","url":"https:\/\/cartonsultana.com\/blog\/","name":"Sultana: Art\u00edculos y Noticias","isPartOf":{"@id":"https:\/\/cartonsultana.com\/#website"},"datePublished":"2024-09-24T01:21:34+00:00","dateModified":"2024-10-10T03:07:42+00:00","description":"Conoce los art\u00edculos y noticias de Cart\u00f3n Sultana, informaci\u00f3n relevante sobre el mercado e innovaciones en la industria.","breadcrumb":{"@id":"https:\/\/cartonsultana.com\/blog\/#breadcrumb"},"inLanguage":"en-US","potentialAction":[{"@type":"ReadAction","target":["https:\/\/cartonsultana.com\/blog\/"]}]},{"@type":"BreadcrumbList","@id":"https:\/\/cartonsultana.com\/blog\/#breadcrumb","itemListElement":[{"@type":"ListItem","position":1,"name":"Home","item":"https:\/\/cartonsultana.com\/"},{"@type":"ListItem","position":2,"name":"Blog"}]},{"@type":"WebSite","@id":"https:\/\/cartonsultana.com\/#website","url":"https:\/\/cartonsultana.com\/","name":"Cart\u00f3n Sultana","description":"","publisher":{"@id":"https:\/\/cartonsultana.com\/#organization"},"potentialAction":[{"@type":"SearchAction","target":{"@type":"EntryPoint","urlTemplate":"https:\/\/cartonsultana.com\/?s={search_term_string}"},"query-input":{"@type":"PropertyValueSpecification","valueRequired":true,"valueName":"search_term_string"}}],"inLanguage":"en-US"},{"@type":"Organization","@id":"https:\/\/cartonsultana.com\/#organization","name":"Cart\u00f3n Sultana","url":"https:\/\/cartonsultana.com\/","logo":{"@type":"ImageObject","inLanguage":"en-US","@id":"https:\/\/cartonsultana.com\/#\/schema\/logo\/image\/","url":"https:\/\/cartonsultana.com\/wp-content\/uploads\/2024\/06\/logo-sultana-color.png","contentUrl":"https:\/\/cartonsultana.com\/wp-content\/uploads\/2024\/06\/logo-sultana-color.png","width":721,"height":207,"caption":"Cart\u00f3n Sultana"},"image":{"@id":"https:\/\/cartonsultana.com\/#\/schema\/logo\/image\/"}}]}},"_links":{"self":[{"href":"https:\/\/cartonsultana.com\/en\/wp-json\/wp\/v2\/pages\/1778"}],"collection":[{"href":"https:\/\/cartonsultana.com\/en\/wp-json\/wp\/v2\/pages"}],"about":[{"href":"https:\/\/cartonsultana.com\/en\/wp-json\/wp\/v2\/types\/page"}],"author":[{"embeddable":true,"href":"https:\/\/cartonsultana.com\/en\/wp-json\/wp\/v2\/users\/1"}],"replies":[{"embeddable":true,"href":"https:\/\/cartonsultana.com\/en\/wp-json\/wp\/v2\/comments?post=1778"}],"version-history":[{"count":0,"href":"https:\/\/cartonsultana.com\/en\/wp-json\/wp\/v2\/pages\/1778\/revisions"}],"wp:attachment":[{"href":"https:\/\/cartonsultana.com\/en\/wp-json\/wp\/v2\/media?parent=1778"}],"curies":[{"name":"wp","href":"https:\/\/api.w.org\/{rel}","templated":true}]}}