{"id":1559,"date":"2024-08-07T21:19:44","date_gmt":"2024-08-07T21:19:44","guid":{"rendered":"https:\/\/cartonsultana.com\/?page_id=1559"},"modified":"2025-10-10T18:17:56","modified_gmt":"2025-10-10T18:17:56","slug":"aviso-de-privacidad","status":"publish","type":"page","link":"https:\/\/cartonsultana.com\/en\/aviso-de-privacidad\/","title":{"rendered":"Privacy Notice"},"content":{"rendered":"<div data-elementor-type=\"wp-page\" data-elementor-id=\"1559\" class=\"elementor elementor-1559\" data-elementor-post-type=\"page\">\n\t\t\t\t<div class=\"elementor-element elementor-element-aa9cc60 e-con-full e-flex e-con e-parent\" data-id=\"aa9cc60\" data-element_type=\"container\">\n\t\t\t\t<div class=\"elementor-element elementor-element-cfd9a3c elementor-widget elementor-widget-text-editor\" data-id=\"cfd9a3c\" data-element_type=\"widget\" data-widget_type=\"text-editor.default\">\n\t\t\t\t<div class=\"elementor-widget-container\">\n\t\t\t\t\t\t\t<h2><strong>Aviso de privacidad.<\/strong><\/h2><p>Los datos personales que sean solicitados en contratos, formularios o cualquier otro medio, tales como nombre, edad, estado civil, sexo, tel\u00e9fono fijo\/celular, correo electr\u00f3nico, ID de Facebook, Twitter y\/o LinkedIn, direcci\u00f3n, RFC y\/o CURP, tarjeta de cr\u00e9dito, firma aut\u00f3grafa, (en los sucesivo \u201cLOS DATOS\u201d), por parte de la empresa CAJAS DE CART\u00d3N SULTANA S.A. DE C.V., en su calidad de editor y responsable del Sitio Web \u201cwww.cartonsultana.net\u201d con domicilio en Camino a la Huasteca 330, Col. El Lechugal, Santa Catarina N.L. C.P. 66376 M\u00e9xico, MONTERREY, NUEVO LE\u00d3N, M\u00c9XICO, ser\u00e1n usados, tratados y protegidos de acuerdo con lo establecido por la Ley Federal de Protecci\u00f3n de Datos Personales en Posesi\u00f3n de Particulares y su Reglamento.<\/p><p>\u201cLOS DATOS\u201d \u00fanicamente ser\u00e1n utilizados para las siguientes finalidades: Proveer los servicios y productos que ha solicitado; notificarle sobre nuevos servicios o productos que tengan relaci\u00f3n con los ya contratados o adquiridos; comunicarle sobre cambios en los mismos; elaborar estudios y programas que son necesarios para determinar h\u00e1bitos de consumo; realizar evaluaciones peri\u00f3dicas de nuestros productos y servicios a efecto de mejorar la calidad de los mismos; evaluar la calidad del servicio que brindamos, y en general, para dar cumplimiento a las obligaciones que hemos contra\u00eddo con usted.<\/p><p>La confidencialidad de \u201cLOS DATOS\u201d est\u00e1 garantizada y los mismos est\u00e1n protegidos por medidas de seguridad administrativas, t\u00e9cnicas y f\u00edsicas, para evitar su da\u00f1o, p\u00e9rdida, alteraci\u00f3n, destrucci\u00f3n, uso, acceso o divulgaci\u00f3n indebida. \u00danicamente las personas autorizadas tendr\u00e1n acceso a sus Datos.<\/p><p>\u201cLOS DATOS\u201d podr\u00e1n ser proporcionados a terceros \u00fanica y estrictamente en los casos previstos en la Ley Federal de Protecci\u00f3n de Datos Personales en Posesi\u00f3n de Particulares seg\u00fan lo establecido en el Art\u00edculo 37 de la citada Ley.<\/p><p>Derivado de lo establecido en el art\u00edculo 22 de la Ley, a partir del 06 de enero de 2012 usted podr\u00e1 ejercer los derechos de Acceso, Rectificaci\u00f3n, Cancelaci\u00f3n y Oposici\u00f3n (ARCO) respecto al uso de sus datos personales, dicho ejercicio deber\u00e1 realizarse mediante solicitud por correo electr\u00f3nico a arco@cartonsultana.com.mx o por escrito, la cual deber\u00e1 contener la siguiente informaci\u00f3n:<\/p><ol><li>El nombre del titular y domicilio u otro medio para comunicarle la respuesta a su solicitud;<\/li><li>Los documentos que acrediten la identidad o, en su caso, la representaci\u00f3n legal del titular;<\/li><li>La descripci\u00f3n clara y precisa de los datos personales respecto de los que se busca ejercer alguno de los derechos antes mencionados, y<\/li><li>Cualquier otro elemento o documento que facilite la localizaci\u00f3n de los datos personales.<\/li><\/ol><p>Cajas de Cart\u00f3n Sultana dar\u00e1 respuesta a su solicitud en un plazo de 20 d\u00edas h\u00e1biles contados a partir de la fecha en que reciba esta, pudiendo ampliar dicho t\u00e9rmino siempre y cuando as\u00ed lo justifiquen las circunstancias, en caso de que dicha solicitud resultar\u00e1 procedente, la determinaci\u00f3n adoptada se har\u00e1 efectiva dentro de los quince d\u00edas siguientes a la fecha en que se comunica la respuesta.<\/p><p>Cajas de Cart\u00f3n Sultana se reserva el derecho a modificar en cualquier momento el contenido del presente Aviso de Privacidad, mismos que podr\u00e1n ser\u00e1n informados a los titulares mediante correo electr\u00f3nico o por medio de nuestra p\u00e1gina web.<\/p><p>Manifiesto que al haber realizado el registro respectivo o proporcionar los datos solicitados, me doy por enterado del contenido de este Aviso de Privacidad y otorgo mi consentimiento, para los casos en que es necesario, para el tratamiento de mis datos personales en los t\u00e9rminos del presente.<\/p><p>En t\u00e9rminos de lo dispuesto por el art\u00edculo 8 de la citada Ley se entender\u00e1 que usted consiente t\u00e1citamente el tratamiento de sus datos, cuando habi\u00e9ndose puesto a su disposici\u00f3n el presente Aviso de Privacidad, no manifieste su oposici\u00f3n, por lo que, a partir de este momento, usted otorga su consentimiento a Cajas de Cart\u00f3n Sultana para mantener en sus registros, tanto f\u00edsicos como electr\u00f3nicos, toda la informaci\u00f3n que nos haya sido facilitada por usted a trav\u00e9s de cualquier medio.<\/p><p>Le informamos que, ante la negativa de respuesta a la solicitud de derechos ARCO o inconformidad con la misma, usted puede presentar ante el Instituto Federal de Acceso a la Informaci\u00f3n y Protecci\u00f3n de Datos, la correspondiente Solicitud de Protecci\u00f3n de Derechos en los plazos y t\u00e9rminos fijados por la Ley y su Reglamento. Importante: Cualquier modificaci\u00f3n a este Aviso de Privacidad podr\u00e1 consultarlo en <a href=\"https:\/\/cartonsultana.com\/en\/aviso-de-privacidad\/\">https:\/\/cartonsultana.com\/aviso-de-privacidad<\/a>. Cajas de Cart\u00f3n Sultana, S.A. de C.V., se compromete a respetar la privacidad de los usuarios (el \u201cUsuario\u201d) que acceden a su p\u00e1gina de Internet denominada www.cartonsultana.net. En virtud de lo anterior, el uso de la informaci\u00f3n que sea recopilada para que el usuario se suscriba a la referida p\u00e1gina de Internet, tal y como, nombre, domicilio, tel\u00e9fono y direcci\u00f3n, ser\u00e1 mantenida como confidencial de conformidad con las reglas establecidas en este documento.<\/p>\t\t\t\t\t\t<\/div>\n\t\t\t\t<\/div>\n\t\t\t\t<\/div>\n\t\t\t\t<\/div>","protected":false},"excerpt":{"rendered":"<p>Aviso de privacidad. Los datos personales que sean solicitados en contratos, formularios o cualquier otro medio, tales como nombre, edad, estado civil, sexo, tel\u00e9fono fijo\/celular, correo electr\u00f3nico, ID de Facebook, Twitter y\/o LinkedIn, direcci\u00f3n, RFC y\/o CURP, tarjeta de cr\u00e9dito, firma aut\u00f3grafa, (en los sucesivo \u201cLOS DATOS\u201d), por parte de la empresa CAJAS DE CART\u00d3N [&hellip;]<\/p>","protected":false},"author":1,"featured_media":0,"parent":0,"menu_order":0,"comment_status":"closed","ping_status":"closed","template":"elementor_header_footer","meta":{"_acf_changed":false,"footnotes":""},"class_list":["post-1559","page","type-page","status-publish","hentry"],"acf":[],"yoast_head":"<!-- This site is optimized with the Yoast SEO plugin v25.5 - https:\/\/yoast.com\/wordpress\/plugins\/seo\/ -->\n<title>Aviso de Privacidad - Sultana<\/title>\n<meta name=\"robots\" content=\"index, follow, max-snippet:-1, max-image-preview:large, max-video-preview:-1\" \/>\n<link rel=\"canonical\" href=\"https:\/\/cartonsultana.com\/en\/aviso-de-privacidad\/\" \/>\n<meta property=\"og:locale\" content=\"en_US\" \/>\n<meta property=\"og:type\" content=\"article\" \/>\n<meta property=\"og:title\" content=\"Aviso de Privacidad - Sultana\" \/>\n<meta property=\"og:description\" content=\"Aviso de privacidad. Los datos personales que sean solicitados en contratos, formularios o cualquier otro medio, tales como nombre, edad, estado civil, sexo, tel\u00e9fono fijo\/celular, correo electr\u00f3nico, ID de Facebook, Twitter y\/o LinkedIn, direcci\u00f3n, RFC y\/o CURP, tarjeta de cr\u00e9dito, firma aut\u00f3grafa, (en los sucesivo \u201cLOS DATOS\u201d), por parte de la empresa CAJAS DE CART\u00d3N [&hellip;]\" \/>\n<meta property=\"og:url\" content=\"https:\/\/cartonsultana.com\/en\/aviso-de-privacidad\/\" \/>\n<meta property=\"og:site_name\" content=\"Sultana\" \/>\n<meta property=\"article:modified_time\" content=\"2025-10-10T18:17:56+00:00\" \/>\n<meta name=\"twitter:card\" content=\"summary_large_image\" \/>\n<meta name=\"twitter:label1\" content=\"Est. reading time\" \/>\n\t<meta name=\"twitter:data1\" content=\"4 minutes\" \/>\n<script type=\"application\/ld+json\" class=\"yoast-schema-graph\">{\"@context\":\"https:\/\/schema.org\",\"@graph\":[{\"@type\":\"WebPage\",\"@id\":\"https:\/\/cartonsultana.com\/aviso-de-privacidad\/\",\"url\":\"https:\/\/cartonsultana.com\/aviso-de-privacidad\/\",\"name\":\"Aviso de Privacidad - Sultana\",\"isPartOf\":{\"@id\":\"https:\/\/cartonsultana.com\/#website\"},\"datePublished\":\"2024-08-07T21:19:44+00:00\",\"dateModified\":\"2025-10-10T18:17:56+00:00\",\"breadcrumb\":{\"@id\":\"https:\/\/cartonsultana.com\/aviso-de-privacidad\/#breadcrumb\"},\"inLanguage\":\"en-US\",\"potentialAction\":[{\"@type\":\"ReadAction\",\"target\":[\"https:\/\/cartonsultana.com\/aviso-de-privacidad\/\"]}]},{\"@type\":\"BreadcrumbList\",\"@id\":\"https:\/\/cartonsultana.com\/aviso-de-privacidad\/#breadcrumb\",\"itemListElement\":[{\"@type\":\"ListItem\",\"position\":1,\"name\":\"Home\",\"item\":\"https:\/\/cartonsultana.com\/\"},{\"@type\":\"ListItem\",\"position\":2,\"name\":\"Aviso de Privacidad\"}]},{\"@type\":\"WebSite\",\"@id\":\"https:\/\/cartonsultana.com\/#website\",\"url\":\"https:\/\/cartonsultana.com\/\",\"name\":\"Cart\u00f3n Sultana\",\"description\":\"\",\"publisher\":{\"@id\":\"https:\/\/cartonsultana.com\/#organization\"},\"potentialAction\":[{\"@type\":\"SearchAction\",\"target\":{\"@type\":\"EntryPoint\",\"urlTemplate\":\"https:\/\/cartonsultana.com\/?s={search_term_string}\"},\"query-input\":{\"@type\":\"PropertyValueSpecification\",\"valueRequired\":true,\"valueName\":\"search_term_string\"}}],\"inLanguage\":\"en-US\"},{\"@type\":\"Organization\",\"@id\":\"https:\/\/cartonsultana.com\/#organization\",\"name\":\"Cart\u00f3n Sultana\",\"url\":\"https:\/\/cartonsultana.com\/\",\"logo\":{\"@type\":\"ImageObject\",\"inLanguage\":\"en-US\",\"@id\":\"https:\/\/cartonsultana.com\/#\/schema\/logo\/image\/\",\"url\":\"https:\/\/cartonsultana.com\/wp-content\/uploads\/2024\/06\/logo-sultana-color.png\",\"contentUrl\":\"https:\/\/cartonsultana.com\/wp-content\/uploads\/2024\/06\/logo-sultana-color.png\",\"width\":721,\"height\":207,\"caption\":\"Cart\u00f3n Sultana\"},\"image\":{\"@id\":\"https:\/\/cartonsultana.com\/#\/schema\/logo\/image\/\"}}]}<\/script>\n<!-- \/ Yoast SEO plugin. -->","yoast_head_json":{"title":"Aviso de Privacidad - Sultana","robots":{"index":"index","follow":"follow","max-snippet":"max-snippet:-1","max-image-preview":"max-image-preview:large","max-video-preview":"max-video-preview:-1"},"canonical":"https:\/\/cartonsultana.com\/en\/aviso-de-privacidad\/","og_locale":"en_US","og_type":"article","og_title":"Aviso de Privacidad - Sultana","og_description":"Aviso de privacidad. Los datos personales que sean solicitados en contratos, formularios o cualquier otro medio, tales como nombre, edad, estado civil, sexo, tel\u00e9fono fijo\/celular, correo electr\u00f3nico, ID de Facebook, Twitter y\/o LinkedIn, direcci\u00f3n, RFC y\/o CURP, tarjeta de cr\u00e9dito, firma aut\u00f3grafa, (en los sucesivo \u201cLOS DATOS\u201d), por parte de la empresa CAJAS DE CART\u00d3N [&hellip;]","og_url":"https:\/\/cartonsultana.com\/en\/aviso-de-privacidad\/","og_site_name":"Sultana","article_modified_time":"2025-10-10T18:17:56+00:00","twitter_card":"summary_large_image","twitter_misc":{"Est. reading time":"4 minutes"},"schema":{"@context":"https:\/\/schema.org","@graph":[{"@type":"WebPage","@id":"https:\/\/cartonsultana.com\/aviso-de-privacidad\/","url":"https:\/\/cartonsultana.com\/aviso-de-privacidad\/","name":"Aviso de Privacidad - Sultana","isPartOf":{"@id":"https:\/\/cartonsultana.com\/#website"},"datePublished":"2024-08-07T21:19:44+00:00","dateModified":"2025-10-10T18:17:56+00:00","breadcrumb":{"@id":"https:\/\/cartonsultana.com\/aviso-de-privacidad\/#breadcrumb"},"inLanguage":"en-US","potentialAction":[{"@type":"ReadAction","target":["https:\/\/cartonsultana.com\/aviso-de-privacidad\/"]}]},{"@type":"BreadcrumbList","@id":"https:\/\/cartonsultana.com\/aviso-de-privacidad\/#breadcrumb","itemListElement":[{"@type":"ListItem","position":1,"name":"Home","item":"https:\/\/cartonsultana.com\/"},{"@type":"ListItem","position":2,"name":"Aviso de Privacidad"}]},{"@type":"WebSite","@id":"https:\/\/cartonsultana.com\/#website","url":"https:\/\/cartonsultana.com\/","name":"Cart\u00f3n Sultana","description":"","publisher":{"@id":"https:\/\/cartonsultana.com\/#organization"},"potentialAction":[{"@type":"SearchAction","target":{"@type":"EntryPoint","urlTemplate":"https:\/\/cartonsultana.com\/?s={search_term_string}"},"query-input":{"@type":"PropertyValueSpecification","valueRequired":true,"valueName":"search_term_string"}}],"inLanguage":"en-US"},{"@type":"Organization","@id":"https:\/\/cartonsultana.com\/#organization","name":"Cart\u00f3n Sultana","url":"https:\/\/cartonsultana.com\/","logo":{"@type":"ImageObject","inLanguage":"en-US","@id":"https:\/\/cartonsultana.com\/#\/schema\/logo\/image\/","url":"https:\/\/cartonsultana.com\/wp-content\/uploads\/2024\/06\/logo-sultana-color.png","contentUrl":"https:\/\/cartonsultana.com\/wp-content\/uploads\/2024\/06\/logo-sultana-color.png","width":721,"height":207,"caption":"Cart\u00f3n Sultana"},"image":{"@id":"https:\/\/cartonsultana.com\/#\/schema\/logo\/image\/"}}]}},"_links":{"self":[{"href":"https:\/\/cartonsultana.com\/en\/wp-json\/wp\/v2\/pages\/1559"}],"collection":[{"href":"https:\/\/cartonsultana.com\/en\/wp-json\/wp\/v2\/pages"}],"about":[{"href":"https:\/\/cartonsultana.com\/en\/wp-json\/wp\/v2\/types\/page"}],"author":[{"embeddable":true,"href":"https:\/\/cartonsultana.com\/en\/wp-json\/wp\/v2\/users\/1"}],"replies":[{"embeddable":true,"href":"https:\/\/cartonsultana.com\/en\/wp-json\/wp\/v2\/comments?post=1559"}],"version-history":[{"count":0,"href":"https:\/\/cartonsultana.com\/en\/wp-json\/wp\/v2\/pages\/1559\/revisions"}],"wp:attachment":[{"href":"https:\/\/cartonsultana.com\/en\/wp-json\/wp\/v2\/media?parent=1559"}],"curies":[{"name":"wp","href":"https:\/\/api.w.org\/{rel}","templated":true}]}}